{"id":69,"date":"2024-04-14T21:59:50","date_gmt":"2024-04-14T19:59:50","guid":{"rendered":"https:\/\/mc-faustvrancic.com\/?page_id=69"},"modified":"2024-06-25T17:39:56","modified_gmt":"2024-06-25T15:39:56","slug":"o-nama","status":"publish","type":"page","link":"https:\/\/mc-faustvrancic.com\/en\/o-nama\/","title":{"rendered":"About us"},"content":{"rendered":"<div data-elementor-type=\"wp-page\" data-elementor-id=\"69\" class=\"elementor elementor-69\" data-elementor-post-type=\"page\">\n\t\t\t\t<div data-particle_enable=\"false\" data-particle-mobile-disabled=\"false\" class=\"elementor-element elementor-element-55da62b e-con-full e-flex e-con e-parent\" data-id=\"55da62b\" data-element_type=\"container\" data-settings=\"{&quot;background_background&quot;:&quot;classic&quot;}\">\n\t\t\t\t<\/div>\n\t\t<div data-particle_enable=\"false\" data-particle-mobile-disabled=\"false\" class=\"elementor-element elementor-element-9800289 e-flex e-con-boxed e-con e-parent\" data-id=\"9800289\" data-element_type=\"container\">\n\t\t\t\t\t<div class=\"e-con-inner\">\n\t\t\t\t<div class=\"elementor-element elementor-element-58080b0 elementor-widget elementor-widget-heading\" data-id=\"58080b0\" data-element_type=\"widget\" data-widget_type=\"heading.default\">\n\t\t\t\t<div class=\"elementor-widget-container\">\n\t\t\t\t\t<h2 class=\"elementor-heading-title elementor-size-default\">Memorial Center \u201cFaust Vran\u010di\u0107\u201d<\/h2>\t\t\t\t<\/div>\n\t\t\t\t<\/div>\n\t\t\t\t<div class=\"elementor-element elementor-element-12fe801 elementor-widget-divider--view-line elementor-widget elementor-widget-divider\" data-id=\"12fe801\" data-element_type=\"widget\" data-widget_type=\"divider.default\">\n\t\t\t\t<div class=\"elementor-widget-container\">\n\t\t\t\t\t\t\t<div class=\"elementor-divider\">\n\t\t\t<span class=\"elementor-divider-separator\">\n\t\t\t\t\t\t<\/span>\n\t\t<\/div>\n\t\t\t\t\t\t<\/div>\n\t\t\t\t<\/div>\n\t\t\t\t\t<\/div>\n\t\t\t\t<\/div>\n\t\t<div data-particle_enable=\"false\" data-particle-mobile-disabled=\"false\" class=\"elementor-element elementor-element-1d56a09 e-flex e-con-boxed e-con e-parent\" data-id=\"1d56a09\" data-element_type=\"container\">\n\t\t\t\t\t<div class=\"e-con-inner\">\n\t\t\t\t<div class=\"elementor-element elementor-element-b626b42 elementor-widget elementor-widget-image\" data-id=\"b626b42\" data-element_type=\"widget\" data-widget_type=\"image.default\">\n\t\t\t\t<div class=\"elementor-widget-container\">\n\t\t\t\t\t\t\t\t\t\t\t\t\t\t\t<img fetchpriority=\"high\" decoding=\"async\" width=\"2560\" height=\"1709\" src=\"https:\/\/mc-faustvrancic.com\/wp-content\/uploads\/2024\/05\/DSC_7140-1-scaled.jpg\" class=\"attachment-full size-full wp-image-1289\" alt=\"\" srcset=\"https:\/\/mc-faustvrancic.com\/wp-content\/uploads\/2024\/05\/DSC_7140-1-scaled.jpg 2560w, https:\/\/mc-faustvrancic.com\/wp-content\/uploads\/2024\/05\/DSC_7140-1-300x200.jpg 300w, https:\/\/mc-faustvrancic.com\/wp-content\/uploads\/2024\/05\/DSC_7140-1-1024x684.jpg 1024w, https:\/\/mc-faustvrancic.com\/wp-content\/uploads\/2024\/05\/DSC_7140-1-768x513.jpg 768w, https:\/\/mc-faustvrancic.com\/wp-content\/uploads\/2024\/05\/DSC_7140-1-1536x1025.jpg 1536w, https:\/\/mc-faustvrancic.com\/wp-content\/uploads\/2024\/05\/DSC_7140-1-2048x1367.jpg 2048w, https:\/\/mc-faustvrancic.com\/wp-content\/uploads\/2024\/05\/DSC_7140-1-18x12.jpg 18w\" sizes=\"(max-width: 2560px) 100vw, 2560px\" \/>\t\t\t\t\t\t\t\t\t\t\t\t\t\t\t<\/div>\n\t\t\t\t<\/div>\n\t\t\t\t<div class=\"elementor-element elementor-element-c953e42 elementor-widget elementor-widget-text-editor\" data-id=\"c953e42\" data-element_type=\"widget\" data-widget_type=\"text-editor.default\">\n\t\t\t\t<div class=\"elementor-widget-container\">\n\t\t\t\t\t\t\t\t\t<p>The Memorial Center \"Faust Vran\u010di\u0107\" was opened in September 2012 as a result of a successful project provided by the local community co-financed by EU funds. The main part of the exhibition is situated on the ground floor of the building, while on the terrace of the upper floor, surrounded by a Mediterranean garden, there are outdoor models of Faust's inventions in natural size and a caffe bar where you can enjoy the view on Prvi\u0107 Luka bay with refreshments.<\/p>\t\t\t\t\t\t\t\t<\/div>\n\t\t\t\t<\/div>\n\t\t\t\t\t<\/div>\n\t\t\t\t<\/div>\n\t\t<div data-particle_enable=\"false\" data-particle-mobile-disabled=\"false\" class=\"elementor-element elementor-element-e381e84 e-flex e-con-boxed e-con e-parent\" data-id=\"e381e84\" data-element_type=\"container\">\n\t\t\t\t\t<div class=\"e-con-inner\">\n\t\t\t\t<div class=\"elementor-element elementor-element-ac8deb3 elementor-widget elementor-widget-gallery\" data-id=\"ac8deb3\" data-element_type=\"widget\" data-settings=\"{&quot;gallery_layout&quot;:&quot;justified&quot;,&quot;lazyload&quot;:&quot;yes&quot;,&quot;ideal_row_height&quot;:{&quot;unit&quot;:&quot;px&quot;,&quot;size&quot;:200,&quot;sizes&quot;:[]},&quot;ideal_row_height_tablet&quot;:{&quot;unit&quot;:&quot;px&quot;,&quot;size&quot;:150,&quot;sizes&quot;:[]},&quot;ideal_row_height_mobile&quot;:{&quot;unit&quot;:&quot;px&quot;,&quot;size&quot;:150,&quot;sizes&quot;:[]},&quot;gap&quot;:{&quot;unit&quot;:&quot;px&quot;,&quot;size&quot;:10,&quot;sizes&quot;:[]},&quot;gap_tablet&quot;:{&quot;unit&quot;:&quot;px&quot;,&quot;size&quot;:10,&quot;sizes&quot;:[]},&quot;gap_mobile&quot;:{&quot;unit&quot;:&quot;px&quot;,&quot;size&quot;:10,&quot;sizes&quot;:[]},&quot;link_to&quot;:&quot;file&quot;,&quot;overlay_background&quot;:&quot;yes&quot;,&quot;content_hover_animation&quot;:&quot;fade-in&quot;}\" data-widget_type=\"gallery.default\">\n\t\t\t\t<div class=\"elementor-widget-container\">\n\t\t\t\t\t\t\t<div class=\"elementor-gallery__container\">\n\t\t\t\t\t\t\t<a class=\"e-gallery-item elementor-gallery-item elementor-animated-content\" href=\"https:\/\/mc-faustvrancic.com\/wp-content\/uploads\/2024\/05\/21730911_1555672404494983_7705723720819674105_n.jpg\" data-elementor-open-lightbox=\"yes\" data-elementor-lightbox-slideshow=\"ac8deb3\" data-elementor-lightbox-title=\"21730911_1555672404494983_7705723720819674105_n\" data-e-action-hash=\"#elementor-action%3Aaction%3Dlightbox%26settings%3DeyJpZCI6MTI5NywidXJsIjoiaHR0cHM6XC9cL21jLWZhdXN0dnJhbmNpYy5jb21cL3dwLWNvbnRlbnRcL3VwbG9hZHNcLzIwMjRcLzA1XC8yMTczMDkxMV8xNTU1NjcyNDA0NDk0OTgzXzc3MDU3MjM3MjA4MTk2NzQxMDVfbi5qcGciLCJzbGlkZXNob3ciOiJhYzhkZWIzIn0%3D\">\n\t\t\t\t\t<div class=\"e-gallery-image elementor-gallery-item__image\" data-thumbnail=\"https:\/\/mc-faustvrancic.com\/wp-content\/uploads\/2024\/05\/21730911_1555672404494983_7705723720819674105_n.jpg\" data-width=\"960\" data-height=\"640\" aria-label=\"\" role=\"img\" ><\/div>\n\t\t\t\t\t\t\t\t\t\t\t<div class=\"elementor-gallery-item__overlay\"><\/div>\n\t\t\t\t\t\t\t\t\t\t\t\t\t\t<\/a>\n\t\t\t\t\t\t\t<a class=\"e-gallery-item elementor-gallery-item elementor-animated-content\" href=\"https:\/\/mc-faustvrancic.com\/wp-content\/uploads\/2024\/05\/24131564_1630872366974986_1900970967820904651_n.jpg\" data-elementor-open-lightbox=\"yes\" data-elementor-lightbox-slideshow=\"ac8deb3\" data-elementor-lightbox-title=\"24131564_1630872366974986_1900970967820904651_n\" data-e-action-hash=\"#elementor-action%3Aaction%3Dlightbox%26settings%3DeyJpZCI6MTI5OSwidXJsIjoiaHR0cHM6XC9cL21jLWZhdXN0dnJhbmNpYy5jb21cL3dwLWNvbnRlbnRcL3VwbG9hZHNcLzIwMjRcLzA1XC8yNDEzMTU2NF8xNjMwODcyMzY2OTc0OTg2XzE5MDA5NzA5Njc4MjA5MDQ2NTFfbi5qcGciLCJzbGlkZXNob3ciOiJhYzhkZWIzIn0%3D\">\n\t\t\t\t\t<div class=\"e-gallery-image elementor-gallery-item__image\" data-thumbnail=\"https:\/\/mc-faustvrancic.com\/wp-content\/uploads\/2024\/05\/24131564_1630872366974986_1900970967820904651_n.jpg\" data-width=\"960\" data-height=\"640\" aria-label=\"\" role=\"img\" ><\/div>\n\t\t\t\t\t\t\t\t\t\t\t<div class=\"elementor-gallery-item__overlay\"><\/div>\n\t\t\t\t\t\t\t\t\t\t\t\t\t\t<\/a>\n\t\t\t\t\t\t\t<a class=\"e-gallery-item elementor-gallery-item elementor-animated-content\" href=\"https:\/\/mc-faustvrancic.com\/wp-content\/uploads\/2024\/05\/23031545_1600084603387096_5686673880807092509_n.jpg\" data-elementor-open-lightbox=\"yes\" data-elementor-lightbox-slideshow=\"ac8deb3\" data-elementor-lightbox-title=\"23031545_1600084603387096_5686673880807092509_n\" data-e-action-hash=\"#elementor-action%3Aaction%3Dlightbox%26settings%3DeyJpZCI6MTI5OCwidXJsIjoiaHR0cHM6XC9cL21jLWZhdXN0dnJhbmNpYy5jb21cL3dwLWNvbnRlbnRcL3VwbG9hZHNcLzIwMjRcLzA1XC8yMzAzMTU0NV8xNjAwMDg0NjAzMzg3MDk2XzU2ODY2NzM4ODA4MDcwOTI1MDlfbi5qcGciLCJzbGlkZXNob3ciOiJhYzhkZWIzIn0%3D\">\n\t\t\t\t\t<div class=\"e-gallery-image elementor-gallery-item__image\" data-thumbnail=\"https:\/\/mc-faustvrancic.com\/wp-content\/uploads\/2024\/05\/23031545_1600084603387096_5686673880807092509_n.jpg\" data-width=\"960\" data-height=\"640\" aria-label=\"\" role=\"img\" ><\/div>\n\t\t\t\t\t\t\t\t\t\t\t<div class=\"elementor-gallery-item__overlay\"><\/div>\n\t\t\t\t\t\t\t\t\t\t\t\t\t\t<\/a>\n\t\t\t\t\t\t\t<a class=\"e-gallery-item elementor-gallery-item elementor-animated-content\" href=\"https:\/\/mc-faustvrancic.com\/wp-content\/uploads\/2024\/05\/21752099_1556521404410083_8974300197813447973_n.jpg\" data-elementor-open-lightbox=\"yes\" data-elementor-lightbox-slideshow=\"ac8deb3\" data-elementor-lightbox-title=\"21752099_1556521404410083_8974300197813447973_n\" data-e-action-hash=\"#elementor-action%3Aaction%3Dlightbox%26settings%3DeyJpZCI6MTMwMCwidXJsIjoiaHR0cHM6XC9cL21jLWZhdXN0dnJhbmNpYy5jb21cL3dwLWNvbnRlbnRcL3VwbG9hZHNcLzIwMjRcLzA1XC8yMTc1MjA5OV8xNTU2NTIxNDA0NDEwMDgzXzg5NzQzMDAxOTc4MTM0NDc5NzNfbi5qcGciLCJzbGlkZXNob3ciOiJhYzhkZWIzIn0%3D\">\n\t\t\t\t\t<div class=\"e-gallery-image elementor-gallery-item__image\" data-thumbnail=\"https:\/\/mc-faustvrancic.com\/wp-content\/uploads\/2024\/05\/21752099_1556521404410083_8974300197813447973_n.jpg\" data-width=\"960\" data-height=\"640\" aria-label=\"\" role=\"img\" ><\/div>\n\t\t\t\t\t\t\t\t\t\t\t<div class=\"elementor-gallery-item__overlay\"><\/div>\n\t\t\t\t\t\t\t\t\t\t\t\t\t\t<\/a>\n\t\t\t\t\t<\/div>\n\t\t\t\t\t<\/div>\n\t\t\t\t<\/div>\n\t\t\t\t\t<\/div>\n\t\t\t\t<\/div>\n\t\t\t\t<\/div>","protected":false},"excerpt":{"rendered":"<p>Memorijalni centar &#8221;Faust Vran\u010di\u0107&#8217; Memorijalni centar &#8220;Faust Vran\u010di\u0107&#8221; otvoren je u rujnu 2012. godine kao rezultat uspje\u0161nog projekta iznjedrenog od strane lokalne zajednice, a sufinanciran iz EU fondova. Glavni dio postava nalazi se u prizemlju objekta, dok se na terasi gornje eta\u017ee, okru\u017eene mediteranskim vrtom, nalaze vanjske makete Faustovih izuma u prirodnoj veli\u010dini. Tako\u0111er, u [&hellip;]<\/p>","protected":false},"author":1,"featured_media":0,"parent":0,"menu_order":0,"comment_status":"closed","ping_status":"closed","template":"","meta":{"_acf_changed":false,"footnotes":""},"class_list":["post-69","page","type-page","status-publish","hentry"],"acf":[],"yoast_head":"<!-- This site is optimized with the Yoast SEO plugin v26.8 - https:\/\/yoast.com\/product\/yoast-seo-wordpress\/ -->\n<title>O nama - Memorijalni centar Faust Vran\u010di\u0107<\/title>\n<meta name=\"robots\" content=\"index, follow, max-snippet:-1, max-image-preview:large, max-video-preview:-1\" \/>\n<link rel=\"canonical\" href=\"https:\/\/mc-faustvrancic.com\/en\/o-nama\/\" \/>\n<meta property=\"og:locale\" content=\"en_GB\" \/>\n<meta property=\"og:type\" content=\"article\" \/>\n<meta property=\"og:title\" content=\"O nama - Memorijalni centar Faust Vran\u010di\u0107\" \/>\n<meta property=\"og:description\" content=\"Memorijalni centar &#8221;Faust Vran\u010di\u0107&#8217; Memorijalni centar &#8220;Faust Vran\u010di\u0107&#8221; otvoren je u rujnu 2012. godine kao rezultat uspje\u0161nog projekta iznjedrenog od strane lokalne zajednice, a sufinanciran iz EU fondova. Glavni dio postava nalazi se u prizemlju objekta, dok se na terasi gornje eta\u017ee, okru\u017eene mediteranskim vrtom, nalaze vanjske makete Faustovih izuma u prirodnoj veli\u010dini. Tako\u0111er, u [&hellip;]\" \/>\n<meta property=\"og:url\" content=\"https:\/\/mc-faustvrancic.com\/en\/o-nama\/\" \/>\n<meta property=\"og:site_name\" content=\"Memorijalni centar Faust Vran\u010di\u0107\" \/>\n<meta property=\"article:publisher\" content=\"https:\/\/web.facebook.com\/mcfaustvrancic\/\" \/>\n<meta property=\"article:modified_time\" content=\"2024-06-25T15:39:56+00:00\" \/>\n<meta property=\"og:image\" content=\"https:\/\/mc-faustvrancic.com\/wp-content\/uploads\/2024\/05\/DSC_7140-1-scaled.jpg\" \/>\n<meta name=\"twitter:card\" content=\"summary_large_image\" \/>\n<meta name=\"twitter:label1\" content=\"Estimated reading time\" \/>\n\t<meta name=\"twitter:data1\" content=\"1 minute\" \/>\n<script type=\"application\/ld+json\" class=\"yoast-schema-graph\">{\"@context\":\"https:\/\/schema.org\",\"@graph\":[{\"@type\":\"WebPage\",\"@id\":\"https:\/\/mc-faustvrancic.com\/o-nama\/\",\"url\":\"https:\/\/mc-faustvrancic.com\/o-nama\/\",\"name\":\"O nama - Memorijalni centar Faust Vran\u010di\u0107\",\"isPartOf\":{\"@id\":\"https:\/\/mc-faustvrancic.com\/#website\"},\"primaryImageOfPage\":{\"@id\":\"https:\/\/mc-faustvrancic.com\/o-nama\/#primaryimage\"},\"image\":{\"@id\":\"https:\/\/mc-faustvrancic.com\/o-nama\/#primaryimage\"},\"thumbnailUrl\":\"https:\/\/mc-faustvrancic.com\/wp-content\/uploads\/2024\/05\/DSC_7140-1-scaled.jpg\",\"datePublished\":\"2024-04-14T19:59:50+00:00\",\"dateModified\":\"2024-06-25T15:39:56+00:00\",\"breadcrumb\":{\"@id\":\"https:\/\/mc-faustvrancic.com\/o-nama\/#breadcrumb\"},\"inLanguage\":\"en-GB\",\"potentialAction\":[{\"@type\":\"ReadAction\",\"target\":[\"https:\/\/mc-faustvrancic.com\/o-nama\/\"]}]},{\"@type\":\"ImageObject\",\"inLanguage\":\"en-GB\",\"@id\":\"https:\/\/mc-faustvrancic.com\/o-nama\/#primaryimage\",\"url\":\"https:\/\/mc-faustvrancic.com\/wp-content\/uploads\/2024\/05\/DSC_7140-1-scaled.jpg\",\"contentUrl\":\"https:\/\/mc-faustvrancic.com\/wp-content\/uploads\/2024\/05\/DSC_7140-1-scaled.jpg\"},{\"@type\":\"BreadcrumbList\",\"@id\":\"https:\/\/mc-faustvrancic.com\/o-nama\/#breadcrumb\",\"itemListElement\":[{\"@type\":\"ListItem\",\"position\":1,\"name\":\"Po\u010detna stranica\",\"item\":\"https:\/\/mc-faustvrancic.com\/\"},{\"@type\":\"ListItem\",\"position\":2,\"name\":\"O nama\"}]},{\"@type\":\"WebSite\",\"@id\":\"https:\/\/mc-faustvrancic.com\/#website\",\"url\":\"https:\/\/mc-faustvrancic.com\/\",\"name\":\"Memorijalni centar Faust Vran\u010di\u0107\",\"description\":\"\",\"publisher\":{\"@id\":\"https:\/\/mc-faustvrancic.com\/#organization\"},\"alternateName\":\"MC Faust Vran\u010di\u0107\",\"potentialAction\":[{\"@type\":\"SearchAction\",\"target\":{\"@type\":\"EntryPoint\",\"urlTemplate\":\"https:\/\/mc-faustvrancic.com\/?s={search_term_string}\"},\"query-input\":{\"@type\":\"PropertyValueSpecification\",\"valueRequired\":true,\"valueName\":\"search_term_string\"}}],\"inLanguage\":\"en-GB\"},{\"@type\":\"Organization\",\"@id\":\"https:\/\/mc-faustvrancic.com\/#organization\",\"name\":\"Memorijalni centar Faust Vran\u010di\u0107\",\"alternateName\":\"MC Faust Vran\u010di\u0107\",\"url\":\"https:\/\/mc-faustvrancic.com\/\",\"logo\":{\"@type\":\"ImageObject\",\"inLanguage\":\"en-GB\",\"@id\":\"https:\/\/mc-faustvrancic.com\/#\/schema\/logo\/image\/\",\"url\":\"https:\/\/mc-faustvrancic.com\/wp-content\/uploads\/2024\/04\/logo-crni.png\",\"contentUrl\":\"https:\/\/mc-faustvrancic.com\/wp-content\/uploads\/2024\/04\/logo-crni.png\",\"width\":265,\"height\":105,\"caption\":\"Memorijalni centar Faust Vran\u010di\u0107\"},\"image\":{\"@id\":\"https:\/\/mc-faustvrancic.com\/#\/schema\/logo\/image\/\"},\"sameAs\":[\"https:\/\/web.facebook.com\/mcfaustvrancic\/\",\"https:\/\/www.instagram.com\/mc_faustvrancic\/?hl=en&fbclid=IwAR3-lbIw4tS0ZANoVqEKrrp9z8DwHtc19D8cB-ZTRDNj_jnack8SHd6OaEA\",\"https:\/\/www.youtube.com\/channel\/UCcG32Ni5Grugo6ZdoE4mXkQ\"]}]}<\/script>\n<!-- \/ Yoast SEO plugin. -->","yoast_head_json":{"title":"O nama - Memorijalni centar Faust Vran\u010di\u0107","robots":{"index":"index","follow":"follow","max-snippet":"max-snippet:-1","max-image-preview":"max-image-preview:large","max-video-preview":"max-video-preview:-1"},"canonical":"https:\/\/mc-faustvrancic.com\/en\/o-nama\/","og_locale":"en_GB","og_type":"article","og_title":"O nama - Memorijalni centar Faust Vran\u010di\u0107","og_description":"Memorijalni centar &#8221;Faust Vran\u010di\u0107&#8217; Memorijalni centar &#8220;Faust Vran\u010di\u0107&#8221; otvoren je u rujnu 2012. godine kao rezultat uspje\u0161nog projekta iznjedrenog od strane lokalne zajednice, a sufinanciran iz EU fondova. Glavni dio postava nalazi se u prizemlju objekta, dok se na terasi gornje eta\u017ee, okru\u017eene mediteranskim vrtom, nalaze vanjske makete Faustovih izuma u prirodnoj veli\u010dini. Tako\u0111er, u [&hellip;]","og_url":"https:\/\/mc-faustvrancic.com\/en\/o-nama\/","og_site_name":"Memorijalni centar Faust Vran\u010di\u0107","article_publisher":"https:\/\/web.facebook.com\/mcfaustvrancic\/","article_modified_time":"2024-06-25T15:39:56+00:00","og_image":[{"url":"https:\/\/mc-faustvrancic.com\/wp-content\/uploads\/2024\/05\/DSC_7140-1-scaled.jpg","type":"","width":"","height":""}],"twitter_card":"summary_large_image","twitter_misc":{"Estimated reading time":"1 minute"},"schema":{"@context":"https:\/\/schema.org","@graph":[{"@type":"WebPage","@id":"https:\/\/mc-faustvrancic.com\/o-nama\/","url":"https:\/\/mc-faustvrancic.com\/o-nama\/","name":"O nama - Memorijalni centar Faust Vran\u010di\u0107","isPartOf":{"@id":"https:\/\/mc-faustvrancic.com\/#website"},"primaryImageOfPage":{"@id":"https:\/\/mc-faustvrancic.com\/o-nama\/#primaryimage"},"image":{"@id":"https:\/\/mc-faustvrancic.com\/o-nama\/#primaryimage"},"thumbnailUrl":"https:\/\/mc-faustvrancic.com\/wp-content\/uploads\/2024\/05\/DSC_7140-1-scaled.jpg","datePublished":"2024-04-14T19:59:50+00:00","dateModified":"2024-06-25T15:39:56+00:00","breadcrumb":{"@id":"https:\/\/mc-faustvrancic.com\/o-nama\/#breadcrumb"},"inLanguage":"en-GB","potentialAction":[{"@type":"ReadAction","target":["https:\/\/mc-faustvrancic.com\/o-nama\/"]}]},{"@type":"ImageObject","inLanguage":"en-GB","@id":"https:\/\/mc-faustvrancic.com\/o-nama\/#primaryimage","url":"https:\/\/mc-faustvrancic.com\/wp-content\/uploads\/2024\/05\/DSC_7140-1-scaled.jpg","contentUrl":"https:\/\/mc-faustvrancic.com\/wp-content\/uploads\/2024\/05\/DSC_7140-1-scaled.jpg"},{"@type":"BreadcrumbList","@id":"https:\/\/mc-faustvrancic.com\/o-nama\/#breadcrumb","itemListElement":[{"@type":"ListItem","position":1,"name":"Po\u010detna stranica","item":"https:\/\/mc-faustvrancic.com\/"},{"@type":"ListItem","position":2,"name":"O nama"}]},{"@type":"WebSite","@id":"https:\/\/mc-faustvrancic.com\/#website","url":"https:\/\/mc-faustvrancic.com\/","name":"Memorijalni centar Faust Vran\u010di\u0107","description":"","publisher":{"@id":"https:\/\/mc-faustvrancic.com\/#organization"},"alternateName":"MC Faust Vran\u010di\u0107","potentialAction":[{"@type":"SearchAction","target":{"@type":"EntryPoint","urlTemplate":"https:\/\/mc-faustvrancic.com\/?s={search_term_string}"},"query-input":{"@type":"PropertyValueSpecification","valueRequired":true,"valueName":"search_term_string"}}],"inLanguage":"en-GB"},{"@type":"Organization","@id":"https:\/\/mc-faustvrancic.com\/#organization","name":"Memorijalni centar Faust Vran\u010di\u0107","alternateName":"MC Faust Vran\u010di\u0107","url":"https:\/\/mc-faustvrancic.com\/","logo":{"@type":"ImageObject","inLanguage":"en-GB","@id":"https:\/\/mc-faustvrancic.com\/#\/schema\/logo\/image\/","url":"https:\/\/mc-faustvrancic.com\/wp-content\/uploads\/2024\/04\/logo-crni.png","contentUrl":"https:\/\/mc-faustvrancic.com\/wp-content\/uploads\/2024\/04\/logo-crni.png","width":265,"height":105,"caption":"Memorijalni centar Faust Vran\u010di\u0107"},"image":{"@id":"https:\/\/mc-faustvrancic.com\/#\/schema\/logo\/image\/"},"sameAs":["https:\/\/web.facebook.com\/mcfaustvrancic\/","https:\/\/www.instagram.com\/mc_faustvrancic\/?hl=en&fbclid=IwAR3-lbIw4tS0ZANoVqEKrrp9z8DwHtc19D8cB-ZTRDNj_jnack8SHd6OaEA","https:\/\/www.youtube.com\/channel\/UCcG32Ni5Grugo6ZdoE4mXkQ"]}]}},"_links":{"self":[{"href":"https:\/\/mc-faustvrancic.com\/en\/wp-json\/wp\/v2\/pages\/69","targetHints":{"allow":["GET"]}}],"collection":[{"href":"https:\/\/mc-faustvrancic.com\/en\/wp-json\/wp\/v2\/pages"}],"about":[{"href":"https:\/\/mc-faustvrancic.com\/en\/wp-json\/wp\/v2\/types\/page"}],"author":[{"embeddable":true,"href":"https:\/\/mc-faustvrancic.com\/en\/wp-json\/wp\/v2\/users\/1"}],"replies":[{"embeddable":true,"href":"https:\/\/mc-faustvrancic.com\/en\/wp-json\/wp\/v2\/comments?post=69"}],"version-history":[{"count":3,"href":"https:\/\/mc-faustvrancic.com\/en\/wp-json\/wp\/v2\/pages\/69\/revisions"}],"predecessor-version":[{"id":3220,"href":"https:\/\/mc-faustvrancic.com\/en\/wp-json\/wp\/v2\/pages\/69\/revisions\/3220"}],"wp:attachment":[{"href":"https:\/\/mc-faustvrancic.com\/en\/wp-json\/wp\/v2\/media?parent=69"}],"curies":[{"name":"wp","href":"https:\/\/api.w.org\/{rel}","templated":true}]}}