{"id":3012,"date":"2024-06-20T12:11:31","date_gmt":"2024-06-20T10:11:31","guid":{"rendered":"https:\/\/mc-faustvrancic.com\/?page_id=3012"},"modified":"2024-06-20T12:13:15","modified_gmt":"2024-06-20T10:13:15","slug":"blog","status":"publish","type":"page","link":"https:\/\/mc-faustvrancic.com\/en\/blog\/","title":{"rendered":"Blog"},"content":{"rendered":"<div data-elementor-type=\"wp-page\" data-elementor-id=\"3012\" class=\"elementor elementor-3012\" data-elementor-post-type=\"page\">\n\t\t\t\t<div data-particle_enable=\"false\" data-particle-mobile-disabled=\"false\" class=\"elementor-element elementor-element-2e0ab40 e-con-full e-flex e-con e-parent\" data-id=\"2e0ab40\" data-element_type=\"container\" data-settings=\"{&quot;background_background&quot;:&quot;classic&quot;}\">\n\t\t\t\t<\/div>\n\t\t<div data-particle_enable=\"false\" data-particle-mobile-disabled=\"false\" class=\"elementor-element elementor-element-cf219d4 e-flex e-con-boxed e-con e-parent\" data-id=\"cf219d4\" data-element_type=\"container\">\n\t\t\t\t\t<div class=\"e-con-inner\">\n\t\t\t\t<div class=\"elementor-element elementor-element-f9a8171 elementor-widget elementor-widget-heading\" data-id=\"f9a8171\" data-element_type=\"widget\" data-widget_type=\"heading.default\">\n\t\t\t\t<div class=\"elementor-widget-container\">\n\t\t\t\t\t<h2 class=\"elementor-heading-title elementor-size-default\">Saznajte vi\u0161e o Faustu Vran\u010di\u0107u i otoku Prvi\u0107u<\/h2>\t\t\t\t<\/div>\n\t\t\t\t<\/div>\n\t\t\t\t<div class=\"elementor-element elementor-element-599c55a elementor-widget-divider--view-line elementor-widget elementor-widget-divider\" data-id=\"599c55a\" data-element_type=\"widget\" data-widget_type=\"divider.default\">\n\t\t\t\t<div class=\"elementor-widget-container\">\n\t\t\t\t\t\t\t<div class=\"elementor-divider\">\n\t\t\t<span class=\"elementor-divider-separator\">\n\t\t\t\t\t\t<\/span>\n\t\t<\/div>\n\t\t\t\t\t\t<\/div>\n\t\t\t\t<\/div>\n\t\t\t\t\t<\/div>\n\t\t\t\t<\/div>\n\t\t<div data-particle_enable=\"false\" data-particle-mobile-disabled=\"false\" class=\"elementor-element elementor-element-5e08b93 e-flex e-con-boxed e-con e-parent\" data-id=\"5e08b93\" data-element_type=\"container\">\n\t\t\t\t\t<div class=\"e-con-inner\">\n\t\t\t\t<div class=\"elementor-element elementor-element-d678007 elementor-grid-3 elementor-grid-tablet-2 elementor-grid-mobile-1 elementor-posts--thumbnail-top elementor-card-shadow-yes elementor-posts__hover-gradient elementor-widget elementor-widget-posts\" data-id=\"d678007\" data-element_type=\"widget\" data-settings=\"{&quot;pagination_type&quot;:&quot;load_more_infinite_scroll&quot;,&quot;cards_columns&quot;:&quot;3&quot;,&quot;cards_columns_tablet&quot;:&quot;2&quot;,&quot;cards_columns_mobile&quot;:&quot;1&quot;,&quot;cards_row_gap&quot;:{&quot;unit&quot;:&quot;px&quot;,&quot;size&quot;:35,&quot;sizes&quot;:[]},&quot;cards_row_gap_tablet&quot;:{&quot;unit&quot;:&quot;px&quot;,&quot;size&quot;:&quot;&quot;,&quot;sizes&quot;:[]},&quot;cards_row_gap_mobile&quot;:{&quot;unit&quot;:&quot;px&quot;,&quot;size&quot;:&quot;&quot;,&quot;sizes&quot;:[]},&quot;load_more_spinner&quot;:{&quot;value&quot;:&quot;fas fa-spinner&quot;,&quot;library&quot;:&quot;fa-solid&quot;}}\" data-widget_type=\"posts.cards\">\n\t\t\t\t<div class=\"elementor-widget-container\">\n\t\t\t\t\t\t\t<div class=\"elementor-posts-container elementor-posts elementor-posts--skin-cards elementor-grid\" role=\"list\">\n\t\t\t\t<article class=\"elementor-post elementor-grid-item post-3166 post type-post status-publish format-standard has-post-thumbnail hentry category-blog\" role=\"listitem\">\n\t\t\t<div class=\"elementor-post__card\">\n\t\t\t\t<a class=\"elementor-post__thumbnail__link\" href=\"https:\/\/mc-faustvrancic.com\/en\/2024\/06\/20\/kako-su-voljeli-vrancici\/\" tabindex=\"-1\" ><div class=\"elementor-post__thumbnail\"><img fetchpriority=\"high\" decoding=\"async\" width=\"941\" height=\"674\" src=\"https:\/\/mc-faustvrancic.com\/wp-content\/uploads\/2024\/06\/Faust-Vrancic_-blog_ljubav-1.png\" class=\"attachment-full size-full wp-image-3167\" alt=\"\" srcset=\"https:\/\/mc-faustvrancic.com\/wp-content\/uploads\/2024\/06\/Faust-Vrancic_-blog_ljubav-1.png 941w, https:\/\/mc-faustvrancic.com\/wp-content\/uploads\/2024\/06\/Faust-Vrancic_-blog_ljubav-1-300x215.png 300w, https:\/\/mc-faustvrancic.com\/wp-content\/uploads\/2024\/06\/Faust-Vrancic_-blog_ljubav-1-768x550.png 768w, https:\/\/mc-faustvrancic.com\/wp-content\/uploads\/2024\/06\/Faust-Vrancic_-blog_ljubav-1-18x12.png 18w\" sizes=\"(max-width: 941px) 100vw, 941px\" \/><\/div><\/a>\n\t\t\t\t<div class=\"elementor-post__text\">\n\t\t\t\t<h3 class=\"elementor-post__title\">\n\t\t\t<a href=\"https:\/\/mc-faustvrancic.com\/en\/2024\/06\/20\/kako-su-voljeli-vrancici\/\" >\n\t\t\t\tKako su voljeli Vran\u010di\u0107i\t\t\t<\/a>\n\t\t<\/h3>\n\t\t\t\t<div class=\"elementor-post__excerpt\">\n\t\t\t<p>Kako su \u010dlanovi obitelji Vran\u010di\u0107 izra\u017eavali ljubav prema obitelji, rodnom kraju, otoku, ali i \u017eenama Autor teksta: Zlatka Rodin Tekst<\/p>\n\t\t<\/div>\n\t\t\t\t\t<div class=\"elementor-post__read-more-wrapper\">\n\t\t\n\t\t<a class=\"elementor-post__read-more\" href=\"https:\/\/mc-faustvrancic.com\/en\/2024\/06\/20\/kako-su-voljeli-vrancici\/\" aria-label=\"Read more about Kako su voljeli Vran\u010di\u0107i\" tabindex=\"-1\" >\n\t\t\tPRO\u010cITAJ VI\u0160E \u00bb\t\t<\/a>\n\n\t\t\t\t\t<\/div>\n\t\t\t\t<\/div>\n\t\t\t\t\t<\/div>\n\t\t<\/article>\n\t\t\t\t<article class=\"elementor-post elementor-grid-item post-3152 post type-post status-publish format-standard has-post-thumbnail hentry category-blog\" role=\"listitem\">\n\t\t\t<div class=\"elementor-post__card\">\n\t\t\t\t<a class=\"elementor-post__thumbnail__link\" href=\"https:\/\/mc-faustvrancic.com\/en\/2024\/06\/20\/u-potrazi-za-faustom-po-veneciji-i-padovi-2-dio\/\" tabindex=\"-1\" ><div class=\"elementor-post__thumbnail\"><img decoding=\"async\" width=\"507\" height=\"454\" src=\"https:\/\/mc-faustvrancic.com\/wp-content\/uploads\/2024\/06\/MCFaustVrancic_1.png\" class=\"attachment-full size-full wp-image-3153\" alt=\"\" srcset=\"https:\/\/mc-faustvrancic.com\/wp-content\/uploads\/2024\/06\/MCFaustVrancic_1.png 507w, https:\/\/mc-faustvrancic.com\/wp-content\/uploads\/2024\/06\/MCFaustVrancic_1-300x269.png 300w, https:\/\/mc-faustvrancic.com\/wp-content\/uploads\/2024\/06\/MCFaustVrancic_1-13x12.png 13w\" sizes=\"(max-width: 507px) 100vw, 507px\" \/><\/div><\/a>\n\t\t\t\t<div class=\"elementor-post__text\">\n\t\t\t\t<h3 class=\"elementor-post__title\">\n\t\t\t<a href=\"https:\/\/mc-faustvrancic.com\/en\/2024\/06\/20\/u-potrazi-za-faustom-po-veneciji-i-padovi-2-dio\/\" >\n\t\t\t\tU potrazi za Faustom po Veneciji i Padovi &#8211; 2.dio\t\t\t<\/a>\n\t\t<\/h3>\n\t\t\t\t<div class=\"elementor-post__excerpt\">\n\t\t\t<p>ili Kako smo po Padovi tragale za visokim, tamnokosim Dalmatincem s o\u017eiljkom na \u010delu i na koje smo jo\u0161 \u0160iben\u010dane<\/p>\n\t\t<\/div>\n\t\t\t\t\t<div class=\"elementor-post__read-more-wrapper\">\n\t\t\n\t\t<a class=\"elementor-post__read-more\" href=\"https:\/\/mc-faustvrancic.com\/en\/2024\/06\/20\/u-potrazi-za-faustom-po-veneciji-i-padovi-2-dio\/\" aria-label=\"Read more about U potrazi za Faustom po Veneciji i Padovi &#8211; 2.dio\" tabindex=\"-1\" >\n\t\t\tPRO\u010cITAJ VI\u0160E \u00bb\t\t<\/a>\n\n\t\t\t\t\t<\/div>\n\t\t\t\t<\/div>\n\t\t\t\t\t<\/div>\n\t\t<\/article>\n\t\t\t\t<article class=\"elementor-post elementor-grid-item post-3130 post type-post status-publish format-standard has-post-thumbnail hentry category-blog\" role=\"listitem\">\n\t\t\t<div class=\"elementor-post__card\">\n\t\t\t\t<a class=\"elementor-post__thumbnail__link\" href=\"https:\/\/mc-faustvrancic.com\/en\/2024\/06\/20\/u-potrazi-za-faustom-po-veneciji-i-padovi-1-dio\/\" tabindex=\"-1\" ><div class=\"elementor-post__thumbnail\"><img decoding=\"async\" width=\"1280\" height=\"693\" src=\"https:\/\/mc-faustvrancic.com\/wp-content\/uploads\/2024\/06\/Screenshot-335_Easy-Resize.com_.jpg\" class=\"attachment-full size-full wp-image-3131\" alt=\"\" srcset=\"https:\/\/mc-faustvrancic.com\/wp-content\/uploads\/2024\/06\/Screenshot-335_Easy-Resize.com_.jpg 1280w, https:\/\/mc-faustvrancic.com\/wp-content\/uploads\/2024\/06\/Screenshot-335_Easy-Resize.com_-300x162.jpg 300w, https:\/\/mc-faustvrancic.com\/wp-content\/uploads\/2024\/06\/Screenshot-335_Easy-Resize.com_-1024x554.jpg 1024w, https:\/\/mc-faustvrancic.com\/wp-content\/uploads\/2024\/06\/Screenshot-335_Easy-Resize.com_-768x416.jpg 768w, https:\/\/mc-faustvrancic.com\/wp-content\/uploads\/2024\/06\/Screenshot-335_Easy-Resize.com_-18x10.jpg 18w\" sizes=\"(max-width: 1280px) 100vw, 1280px\" \/><\/div><\/a>\n\t\t\t\t<div class=\"elementor-post__text\">\n\t\t\t\t<h3 class=\"elementor-post__title\">\n\t\t\t<a href=\"https:\/\/mc-faustvrancic.com\/en\/2024\/06\/20\/u-potrazi-za-faustom-po-veneciji-i-padovi-1-dio\/\" >\n\t\t\t\tU potrazi za Faustom po Veneciji i Padovi &#8211; 1.dio\t\t\t<\/a>\n\t\t<\/h3>\n\t\t\t\t<div class=\"elementor-post__excerpt\">\n\t\t\t<p>Ivana Sko\u010di\u0107 i Zlatka Rodin iz Memorijalnog centra \u201eFaust Vran\u010di\u0107\u201c Nakon uspje\u0161nog predavanja \u201eStisak ruke Leonarda da Vincija i Fausta<\/p>\n\t\t<\/div>\n\t\t\t\t\t<div class=\"elementor-post__read-more-wrapper\">\n\t\t\n\t\t<a class=\"elementor-post__read-more\" href=\"https:\/\/mc-faustvrancic.com\/en\/2024\/06\/20\/u-potrazi-za-faustom-po-veneciji-i-padovi-1-dio\/\" aria-label=\"Read more about U potrazi za Faustom po Veneciji i Padovi &#8211; 1.dio\" tabindex=\"-1\" >\n\t\t\tPRO\u010cITAJ VI\u0160E \u00bb\t\t<\/a>\n\n\t\t\t\t\t<\/div>\n\t\t\t\t<\/div>\n\t\t\t\t\t<\/div>\n\t\t<\/article>\n\t\t\t\t<article class=\"elementor-post elementor-grid-item post-3121 post type-post status-publish format-standard has-post-thumbnail hentry category-blog\" role=\"listitem\">\n\t\t\t<div class=\"elementor-post__card\">\n\t\t\t\t<a class=\"elementor-post__thumbnail__link\" href=\"https:\/\/mc-faustvrancic.com\/en\/2024\/06\/20\/veliki-ljudi-na-malom-otoku-vrancic-parcic-otok-prvic-i-glagoljica\/\" tabindex=\"-1\" ><div class=\"elementor-post__thumbnail\"><img loading=\"lazy\" decoding=\"async\" width=\"1024\" height=\"345\" src=\"https:\/\/mc-faustvrancic.com\/wp-content\/uploads\/2024\/06\/70329058_2531928123536068_8478694891788959744_o-1024x345-1.jpg\" class=\"attachment-full size-full wp-image-3122\" alt=\"\" srcset=\"https:\/\/mc-faustvrancic.com\/wp-content\/uploads\/2024\/06\/70329058_2531928123536068_8478694891788959744_o-1024x345-1.jpg 1024w, https:\/\/mc-faustvrancic.com\/wp-content\/uploads\/2024\/06\/70329058_2531928123536068_8478694891788959744_o-1024x345-1-300x101.jpg 300w, https:\/\/mc-faustvrancic.com\/wp-content\/uploads\/2024\/06\/70329058_2531928123536068_8478694891788959744_o-1024x345-1-768x259.jpg 768w, https:\/\/mc-faustvrancic.com\/wp-content\/uploads\/2024\/06\/70329058_2531928123536068_8478694891788959744_o-1024x345-1-18x6.jpg 18w\" sizes=\"(max-width: 1024px) 100vw, 1024px\" \/><\/div><\/a>\n\t\t\t\t<div class=\"elementor-post__text\">\n\t\t\t\t<h3 class=\"elementor-post__title\">\n\t\t\t<a href=\"https:\/\/mc-faustvrancic.com\/en\/2024\/06\/20\/veliki-ljudi-na-malom-otoku-vrancic-parcic-otok-prvic-i-glagoljica\/\" >\n\t\t\t\tVeliki ljudi na malom otoku (Vran\u010di\u0107, Par\u010di\u0107, otok Prvi\u0107 i glagoljica)\t\t\t<\/a>\n\t\t<\/h3>\n\t\t\t\t<div class=\"elementor-post__excerpt\">\n\t\t\t<p>Crkva Gospe od Milosti koja se nalazi tik do Memorijalnog centra \u201dFaust Vran\u010di\u0107\u201d povezuje dva velikana hrvatske povijesti \u2013 Fausta<\/p>\n\t\t<\/div>\n\t\t\t\t\t<div class=\"elementor-post__read-more-wrapper\">\n\t\t\n\t\t<a class=\"elementor-post__read-more\" href=\"https:\/\/mc-faustvrancic.com\/en\/2024\/06\/20\/veliki-ljudi-na-malom-otoku-vrancic-parcic-otok-prvic-i-glagoljica\/\" aria-label=\"Read more about Veliki ljudi na malom otoku (Vran\u010di\u0107, Par\u010di\u0107, otok Prvi\u0107 i glagoljica)\" tabindex=\"-1\" >\n\t\t\tPRO\u010cITAJ VI\u0160E \u00bb\t\t<\/a>\n\n\t\t\t\t\t<\/div>\n\t\t\t\t<\/div>\n\t\t\t\t\t<\/div>\n\t\t<\/article>\n\t\t\t\t<article class=\"elementor-post elementor-grid-item post-3104 post type-post status-publish format-standard has-post-thumbnail hentry category-blog\" role=\"listitem\">\n\t\t\t<div class=\"elementor-post__card\">\n\t\t\t\t<a class=\"elementor-post__thumbnail__link\" href=\"https:\/\/mc-faustvrancic.com\/en\/2024\/06\/20\/stisak-ruke-leonarda-da-vincija-i-fausta-vrancica\/\" tabindex=\"-1\" ><div class=\"elementor-post__thumbnail\"><img loading=\"lazy\" decoding=\"async\" width=\"662\" height=\"387\" src=\"https:\/\/mc-faustvrancic.com\/wp-content\/uploads\/2024\/06\/fff.jpg\" class=\"attachment-full size-full wp-image-3105\" alt=\"\" srcset=\"https:\/\/mc-faustvrancic.com\/wp-content\/uploads\/2024\/06\/fff.jpg 662w, https:\/\/mc-faustvrancic.com\/wp-content\/uploads\/2024\/06\/fff-300x175.jpg 300w, https:\/\/mc-faustvrancic.com\/wp-content\/uploads\/2024\/06\/fff-18x12.jpg 18w\" sizes=\"(max-width: 662px) 100vw, 662px\" \/><\/div><\/a>\n\t\t\t\t<div class=\"elementor-post__text\">\n\t\t\t\t<h3 class=\"elementor-post__title\">\n\t\t\t<a href=\"https:\/\/mc-faustvrancic.com\/en\/2024\/06\/20\/stisak-ruke-leonarda-da-vincija-i-fausta-vrancica\/\" >\n\t\t\t\tStisak ruke Leonarda da Vincija i Fausta Vran\u010di\u0107a\t\t\t<\/a>\n\t\t<\/h3>\n\t\t\t\t<div class=\"elementor-post__excerpt\">\n\t\t\t<p>Sa\u017eetak dvaju predavanja odr\u017eanih u sklopu projekta me\u0111unarodne suradnje Memorijalnog centra \u201eFaust Vran\u010di\u0107\u201c i Kulturnog doma Gorizia u Italiji povodom<\/p>\n\t\t<\/div>\n\t\t\t\t\t<div class=\"elementor-post__read-more-wrapper\">\n\t\t\n\t\t<a class=\"elementor-post__read-more\" href=\"https:\/\/mc-faustvrancic.com\/en\/2024\/06\/20\/stisak-ruke-leonarda-da-vincija-i-fausta-vrancica\/\" aria-label=\"Read more about Stisak ruke Leonarda da Vincija i Fausta Vran\u010di\u0107a\" tabindex=\"-1\" >\n\t\t\tPRO\u010cITAJ VI\u0160E \u00bb\t\t<\/a>\n\n\t\t\t\t\t<\/div>\n\t\t\t\t<\/div>\n\t\t\t\t\t<\/div>\n\t\t<\/article>\n\t\t\t\t<article class=\"elementor-post elementor-grid-item post-3065 post type-post status-publish format-standard has-post-thumbnail hentry category-blog\" role=\"listitem\">\n\t\t\t<div class=\"elementor-post__card\">\n\t\t\t\t<a class=\"elementor-post__thumbnail__link\" href=\"https:\/\/mc-faustvrancic.com\/en\/2024\/06\/20\/sto-se-jelo-na-prvicu-u-faustovo-vrijeme-1-dio\/\" tabindex=\"-1\" ><div class=\"elementor-post__thumbnail\"><img loading=\"lazy\" decoding=\"async\" width=\"1280\" height=\"960\" src=\"https:\/\/mc-faustvrancic.com\/wp-content\/uploads\/2024\/06\/RIIF-2-6_0153_Easy-Resize.com_.jpg\" class=\"attachment-full size-full wp-image-3061\" alt=\"\" srcset=\"https:\/\/mc-faustvrancic.com\/wp-content\/uploads\/2024\/06\/RIIF-2-6_0153_Easy-Resize.com_.jpg 1280w, https:\/\/mc-faustvrancic.com\/wp-content\/uploads\/2024\/06\/RIIF-2-6_0153_Easy-Resize.com_-300x225.jpg 300w, https:\/\/mc-faustvrancic.com\/wp-content\/uploads\/2024\/06\/RIIF-2-6_0153_Easy-Resize.com_-1024x768.jpg 1024w, https:\/\/mc-faustvrancic.com\/wp-content\/uploads\/2024\/06\/RIIF-2-6_0153_Easy-Resize.com_-768x576.jpg 768w, https:\/\/mc-faustvrancic.com\/wp-content\/uploads\/2024\/06\/RIIF-2-6_0153_Easy-Resize.com_-16x12.jpg 16w\" sizes=\"(max-width: 1280px) 100vw, 1280px\" \/><\/div><\/a>\n\t\t\t\t<div class=\"elementor-post__text\">\n\t\t\t\t<h3 class=\"elementor-post__title\">\n\t\t\t<a href=\"https:\/\/mc-faustvrancic.com\/en\/2024\/06\/20\/sto-se-jelo-na-prvicu-u-faustovo-vrijeme-1-dio\/\" >\n\t\t\t\t\u0160to se jelo na Prvi\u0107u u Faustovo vrijeme? &#8211; 1. dio\t\t\t<\/a>\n\t\t<\/h3>\n\t\t\t\t<div class=\"elementor-post__excerpt\">\n\t\t\t<p>Sa\u017eetak predavanja Zlatke Rodin povodom 24. EMA-e na temu (PRE)HRANE odr\u017eanog u MC \u201eFaust Vran\u010di\u0107\u201c, 11. svibnja 2019. Memorijalni centar<\/p>\n\t\t<\/div>\n\t\t\t\t\t<div class=\"elementor-post__read-more-wrapper\">\n\t\t\n\t\t<a class=\"elementor-post__read-more\" href=\"https:\/\/mc-faustvrancic.com\/en\/2024\/06\/20\/sto-se-jelo-na-prvicu-u-faustovo-vrijeme-1-dio\/\" aria-label=\"Read more about \u0160to se jelo na Prvi\u0107u u Faustovo vrijeme? &#8211; 1. dio\" tabindex=\"-1\" >\n\t\t\tPRO\u010cITAJ VI\u0160E \u00bb\t\t<\/a>\n\n\t\t\t\t\t<\/div>\n\t\t\t\t<\/div>\n\t\t\t\t\t<\/div>\n\t\t<\/article>\n\t\t\t\t<\/div>\n\t\t\t\t\t<span class=\"e-load-more-spinner\">\n\t\t\t\t<svg aria-hidden=\"true\" class=\"e-font-icon-svg e-fas-spinner\" viewbox=\"0 0 512 512\" xmlns=\"http:\/\/www.w3.org\/2000\/svg\"><path d=\"M304 48c0 26.51-21.49 48-48 48s-48-21.49-48-48 21.49-48 48-48 48 21.49 48 48zm-48 368c-26.51 0-48 21.49-48 48s21.49 48 48 48 48-21.49 48-48-21.49-48-48-48zm208-208c-26.51 0-48 21.49-48 48s21.49 48 48 48 48-21.49 48-48-21.49-48-48-48zM96 256c0-26.51-21.49-48-48-48S0 229.49 0 256s21.49 48 48 48 48-21.49 48-48zm12.922 99.078c-26.51 0-48 21.49-48 48s21.49 48 48 48 48-21.49 48-48c0-26.509-21.491-48-48-48zm294.156 0c-26.51 0-48 21.49-48 48s21.49 48 48 48 48-21.49 48-48c0-26.509-21.49-48-48-48zM108.922 60.922c-26.51 0-48 21.49-48 48s21.49 48 48 48 48-21.49 48-48-21.491-48-48-48z\"><\/path><\/svg>\t\t\t<\/span>\n\t\t\n\t\t\t\t<div class=\"e-load-more-anchor\" data-page=\"1\" data-max-page=\"2\" data-next-page=\"https:\/\/mc-faustvrancic.com\/en\/wp-json\/wp\/v2\/pages\/3012\/page\/2\/\"><\/div>\n\t\t\t\t<div class=\"e-load-more-message\"><\/div>\n\t\t\t\t\t\t<\/div>\n\t\t\t\t<\/div>\n\t\t\t\t\t<\/div>\n\t\t\t\t<\/div>\n\t\t\t\t<\/div>","protected":false},"excerpt":{"rendered":"<p>Saznajte vi\u0161e o Faustu Vran\u010di\u0107u i otoku Prvi\u0107u<\/p>","protected":false},"author":1,"featured_media":0,"parent":0,"menu_order":0,"comment_status":"closed","ping_status":"closed","template":"","meta":{"_acf_changed":false,"footnotes":""},"class_list":["post-3012","page","type-page","status-publish","hentry"],"acf":[],"yoast_head":"<!-- This site is optimized with the Yoast SEO plugin v26.8 - https:\/\/yoast.com\/product\/yoast-seo-wordpress\/ -->\n<title>Blog - Memorijalni centar Faust Vran\u010di\u0107<\/title>\n<meta name=\"robots\" content=\"index, follow, max-snippet:-1, max-image-preview:large, max-video-preview:-1\" \/>\n<link rel=\"canonical\" href=\"https:\/\/mc-faustvrancic.com\/en\/blog\/\" \/>\n<meta property=\"og:locale\" content=\"en_GB\" \/>\n<meta property=\"og:type\" content=\"article\" \/>\n<meta property=\"og:title\" content=\"Blog - Memorijalni centar Faust Vran\u010di\u0107\" \/>\n<meta property=\"og:description\" content=\"Saznajte vi\u0161e o Faustu Vran\u010di\u0107u i otoku Prvi\u0107u\" \/>\n<meta property=\"og:url\" content=\"https:\/\/mc-faustvrancic.com\/en\/blog\/\" \/>\n<meta property=\"og:site_name\" content=\"Memorijalni centar Faust Vran\u010di\u0107\" \/>\n<meta property=\"article:publisher\" content=\"https:\/\/web.facebook.com\/mcfaustvrancic\/\" \/>\n<meta property=\"article:modified_time\" content=\"2024-06-20T10:13:15+00:00\" \/>\n<meta property=\"og:image\" content=\"https:\/\/mc-faustvrancic.com\/wp-content\/uploads\/2024\/05\/Memorijalni-centar-Faust-Vranicic-10.jpg\" \/>\n\t<meta property=\"og:image:width\" content=\"1000\" \/>\n\t<meta property=\"og:image:height\" content=\"668\" \/>\n\t<meta property=\"og:image:type\" content=\"image\/jpeg\" \/>\n<meta name=\"twitter:card\" content=\"summary_large_image\" \/>\n<meta name=\"twitter:label1\" content=\"Estimated reading time\" \/>\n\t<meta name=\"twitter:data1\" content=\"1 minute\" \/>\n<script type=\"application\/ld+json\" class=\"yoast-schema-graph\">{\"@context\":\"https:\/\/schema.org\",\"@graph\":[{\"@type\":\"WebPage\",\"@id\":\"https:\/\/mc-faustvrancic.com\/blog\/\",\"url\":\"https:\/\/mc-faustvrancic.com\/blog\/\",\"name\":\"Blog - Memorijalni centar Faust Vran\u010di\u0107\",\"isPartOf\":{\"@id\":\"https:\/\/mc-faustvrancic.com\/#website\"},\"datePublished\":\"2024-06-20T10:11:31+00:00\",\"dateModified\":\"2024-06-20T10:13:15+00:00\",\"breadcrumb\":{\"@id\":\"https:\/\/mc-faustvrancic.com\/blog\/#breadcrumb\"},\"inLanguage\":\"en-GB\",\"potentialAction\":[{\"@type\":\"ReadAction\",\"target\":[\"https:\/\/mc-faustvrancic.com\/blog\/\"]}]},{\"@type\":\"BreadcrumbList\",\"@id\":\"https:\/\/mc-faustvrancic.com\/blog\/#breadcrumb\",\"itemListElement\":[{\"@type\":\"ListItem\",\"position\":1,\"name\":\"Po\u010detna stranica\",\"item\":\"https:\/\/mc-faustvrancic.com\/\"},{\"@type\":\"ListItem\",\"position\":2,\"name\":\"Blog\"}]},{\"@type\":\"WebSite\",\"@id\":\"https:\/\/mc-faustvrancic.com\/#website\",\"url\":\"https:\/\/mc-faustvrancic.com\/\",\"name\":\"Memorijalni centar Faust Vran\u010di\u0107\",\"description\":\"\",\"publisher\":{\"@id\":\"https:\/\/mc-faustvrancic.com\/#organization\"},\"alternateName\":\"MC Faust Vran\u010di\u0107\",\"potentialAction\":[{\"@type\":\"SearchAction\",\"target\":{\"@type\":\"EntryPoint\",\"urlTemplate\":\"https:\/\/mc-faustvrancic.com\/?s={search_term_string}\"},\"query-input\":{\"@type\":\"PropertyValueSpecification\",\"valueRequired\":true,\"valueName\":\"search_term_string\"}}],\"inLanguage\":\"en-GB\"},{\"@type\":\"Organization\",\"@id\":\"https:\/\/mc-faustvrancic.com\/#organization\",\"name\":\"Memorijalni centar Faust Vran\u010di\u0107\",\"alternateName\":\"MC Faust Vran\u010di\u0107\",\"url\":\"https:\/\/mc-faustvrancic.com\/\",\"logo\":{\"@type\":\"ImageObject\",\"inLanguage\":\"en-GB\",\"@id\":\"https:\/\/mc-faustvrancic.com\/#\/schema\/logo\/image\/\",\"url\":\"https:\/\/mc-faustvrancic.com\/wp-content\/uploads\/2024\/04\/logo-crni.png\",\"contentUrl\":\"https:\/\/mc-faustvrancic.com\/wp-content\/uploads\/2024\/04\/logo-crni.png\",\"width\":265,\"height\":105,\"caption\":\"Memorijalni centar Faust Vran\u010di\u0107\"},\"image\":{\"@id\":\"https:\/\/mc-faustvrancic.com\/#\/schema\/logo\/image\/\"},\"sameAs\":[\"https:\/\/web.facebook.com\/mcfaustvrancic\/\",\"https:\/\/www.instagram.com\/mc_faustvrancic\/?hl=en&fbclid=IwAR3-lbIw4tS0ZANoVqEKrrp9z8DwHtc19D8cB-ZTRDNj_jnack8SHd6OaEA\",\"https:\/\/www.youtube.com\/channel\/UCcG32Ni5Grugo6ZdoE4mXkQ\"]}]}<\/script>\n<!-- \/ Yoast SEO plugin. -->","yoast_head_json":{"title":"Blog - Memorijalni centar Faust Vran\u010di\u0107","robots":{"index":"index","follow":"follow","max-snippet":"max-snippet:-1","max-image-preview":"max-image-preview:large","max-video-preview":"max-video-preview:-1"},"canonical":"https:\/\/mc-faustvrancic.com\/en\/blog\/","og_locale":"en_GB","og_type":"article","og_title":"Blog - Memorijalni centar Faust Vran\u010di\u0107","og_description":"Saznajte vi\u0161e o Faustu Vran\u010di\u0107u i otoku Prvi\u0107u","og_url":"https:\/\/mc-faustvrancic.com\/en\/blog\/","og_site_name":"Memorijalni centar Faust Vran\u010di\u0107","article_publisher":"https:\/\/web.facebook.com\/mcfaustvrancic\/","article_modified_time":"2024-06-20T10:13:15+00:00","og_image":[{"width":1000,"height":668,"url":"https:\/\/mc-faustvrancic.com\/wp-content\/uploads\/2024\/05\/Memorijalni-centar-Faust-Vranicic-10.jpg","type":"image\/jpeg"}],"twitter_card":"summary_large_image","twitter_misc":{"Estimated reading time":"1 minute"},"schema":{"@context":"https:\/\/schema.org","@graph":[{"@type":"WebPage","@id":"https:\/\/mc-faustvrancic.com\/blog\/","url":"https:\/\/mc-faustvrancic.com\/blog\/","name":"Blog - Memorijalni centar Faust Vran\u010di\u0107","isPartOf":{"@id":"https:\/\/mc-faustvrancic.com\/#website"},"datePublished":"2024-06-20T10:11:31+00:00","dateModified":"2024-06-20T10:13:15+00:00","breadcrumb":{"@id":"https:\/\/mc-faustvrancic.com\/blog\/#breadcrumb"},"inLanguage":"en-GB","potentialAction":[{"@type":"ReadAction","target":["https:\/\/mc-faustvrancic.com\/blog\/"]}]},{"@type":"BreadcrumbList","@id":"https:\/\/mc-faustvrancic.com\/blog\/#breadcrumb","itemListElement":[{"@type":"ListItem","position":1,"name":"Po\u010detna stranica","item":"https:\/\/mc-faustvrancic.com\/"},{"@type":"ListItem","position":2,"name":"Blog"}]},{"@type":"WebSite","@id":"https:\/\/mc-faustvrancic.com\/#website","url":"https:\/\/mc-faustvrancic.com\/","name":"Memorijalni centar Faust Vran\u010di\u0107","description":"","publisher":{"@id":"https:\/\/mc-faustvrancic.com\/#organization"},"alternateName":"MC Faust Vran\u010di\u0107","potentialAction":[{"@type":"SearchAction","target":{"@type":"EntryPoint","urlTemplate":"https:\/\/mc-faustvrancic.com\/?s={search_term_string}"},"query-input":{"@type":"PropertyValueSpecification","valueRequired":true,"valueName":"search_term_string"}}],"inLanguage":"en-GB"},{"@type":"Organization","@id":"https:\/\/mc-faustvrancic.com\/#organization","name":"Memorijalni centar Faust Vran\u010di\u0107","alternateName":"MC Faust Vran\u010di\u0107","url":"https:\/\/mc-faustvrancic.com\/","logo":{"@type":"ImageObject","inLanguage":"en-GB","@id":"https:\/\/mc-faustvrancic.com\/#\/schema\/logo\/image\/","url":"https:\/\/mc-faustvrancic.com\/wp-content\/uploads\/2024\/04\/logo-crni.png","contentUrl":"https:\/\/mc-faustvrancic.com\/wp-content\/uploads\/2024\/04\/logo-crni.png","width":265,"height":105,"caption":"Memorijalni centar Faust Vran\u010di\u0107"},"image":{"@id":"https:\/\/mc-faustvrancic.com\/#\/schema\/logo\/image\/"},"sameAs":["https:\/\/web.facebook.com\/mcfaustvrancic\/","https:\/\/www.instagram.com\/mc_faustvrancic\/?hl=en&fbclid=IwAR3-lbIw4tS0ZANoVqEKrrp9z8DwHtc19D8cB-ZTRDNj_jnack8SHd6OaEA","https:\/\/www.youtube.com\/channel\/UCcG32Ni5Grugo6ZdoE4mXkQ"]}]}},"_links":{"self":[{"href":"https:\/\/mc-faustvrancic.com\/en\/wp-json\/wp\/v2\/pages\/3012","targetHints":{"allow":["GET"]}}],"collection":[{"href":"https:\/\/mc-faustvrancic.com\/en\/wp-json\/wp\/v2\/pages"}],"about":[{"href":"https:\/\/mc-faustvrancic.com\/en\/wp-json\/wp\/v2\/types\/page"}],"author":[{"embeddable":true,"href":"https:\/\/mc-faustvrancic.com\/en\/wp-json\/wp\/v2\/users\/1"}],"replies":[{"embeddable":true,"href":"https:\/\/mc-faustvrancic.com\/en\/wp-json\/wp\/v2\/comments?post=3012"}],"version-history":[{"count":0,"href":"https:\/\/mc-faustvrancic.com\/en\/wp-json\/wp\/v2\/pages\/3012\/revisions"}],"wp:attachment":[{"href":"https:\/\/mc-faustvrancic.com\/en\/wp-json\/wp\/v2\/media?parent=3012"}],"curies":[{"name":"wp","href":"https:\/\/api.w.org\/{rel}","templated":true}]}}