{"id":1909,"date":"2024-05-23T13:10:34","date_gmt":"2024-05-23T11:10:34","guid":{"rendered":"https:\/\/mc-faustvrancic.com\/?page_id=1909"},"modified":"2024-12-04T11:08:10","modified_gmt":"2024-12-04T10:08:10","slug":"o-faustu","status":"publish","type":"page","link":"https:\/\/mc-faustvrancic.com\/en\/o-faustu\/","title":{"rendered":"About Faust"},"content":{"rendered":"<div data-elementor-type=\"wp-page\" data-elementor-id=\"1909\" class=\"elementor elementor-1909\" data-elementor-post-type=\"page\">\n\t\t\t\t<div data-particle_enable=\"false\" data-particle-mobile-disabled=\"false\" class=\"elementor-element elementor-element-2e0ab40 e-con-full e-flex e-con e-parent\" data-id=\"2e0ab40\" data-element_type=\"container\" data-settings=\"{&quot;background_background&quot;:&quot;classic&quot;}\">\n\t\t\t\t<\/div>\n\t\t<div data-particle_enable=\"false\" data-particle-mobile-disabled=\"false\" class=\"elementor-element elementor-element-9aad339 e-flex e-con-boxed e-con e-parent\" data-id=\"9aad339\" data-element_type=\"container\">\n\t\t\t\t\t<div class=\"e-con-inner\">\n\t\t\t\t<div class=\"elementor-element elementor-element-b4aa99f elementor-widget elementor-widget-heading\" data-id=\"b4aa99f\" data-element_type=\"widget\" data-widget_type=\"heading.default\">\n\t\t\t\t<div class=\"elementor-widget-container\">\n\t\t\t\t\t<h2 class=\"elementor-heading-title elementor-size-default\">Faust Vran\u010di\u0107<\/h2>\t\t\t\t<\/div>\n\t\t\t\t<\/div>\n\t\t\t\t<div class=\"elementor-element elementor-element-3bc414d elementor-widget elementor-widget-heading\" data-id=\"3bc414d\" data-element_type=\"widget\" data-widget_type=\"heading.default\">\n\t\t\t\t<div class=\"elementor-widget-container\">\n\t\t\t\t\t<h4 class=\"elementor-heading-title elementor-size-default\">1551. (\u0160ibenik) - 1617. (Venecija)<\/h4>\t\t\t\t<\/div>\n\t\t\t\t<\/div>\n\t\t\t\t<div class=\"elementor-element elementor-element-0096525 elementor-widget-divider--view-line elementor-widget elementor-widget-divider\" data-id=\"0096525\" data-element_type=\"widget\" data-widget_type=\"divider.default\">\n\t\t\t\t<div class=\"elementor-widget-container\">\n\t\t\t\t\t\t\t<div class=\"elementor-divider\">\n\t\t\t<span class=\"elementor-divider-separator\">\n\t\t\t\t\t\t<\/span>\n\t\t<\/div>\n\t\t\t\t\t\t<\/div>\n\t\t\t\t<\/div>\n\t\t\t\t\t<\/div>\n\t\t\t\t<\/div>\n\t\t<div data-particle_enable=\"false\" data-particle-mobile-disabled=\"false\" class=\"elementor-element elementor-element-299a5c1 e-flex e-con-boxed e-con e-parent\" data-id=\"299a5c1\" data-element_type=\"container\">\n\t\t\t\t\t<div class=\"e-con-inner\">\n\t\t<div data-particle_enable=\"false\" data-particle-mobile-disabled=\"false\" class=\"elementor-element elementor-element-315b6dc e-con-full e-flex e-con e-child\" data-id=\"315b6dc\" data-element_type=\"container\" data-settings=\"{&quot;background_background&quot;:&quot;classic&quot;}\">\n\t\t\t\t<\/div>\n\t\t<div data-particle_enable=\"false\" data-particle-mobile-disabled=\"false\" class=\"elementor-element elementor-element-273752f e-con-full e-flex e-con e-child\" data-id=\"273752f\" data-element_type=\"container\">\n\t\t\t\t<div class=\"elementor-element elementor-element-c0c9e67 elementor-widget elementor-widget-text-editor\" data-id=\"c0c9e67\" data-element_type=\"widget\" data-widget_type=\"text-editor.default\">\n\t\t\t\t<div class=\"elementor-widget-container\">\n\t\t\t\t\t\t\t\t\t<h2>Faust's life<\/h2><p><br \/>Faust Vran\u010di\u0107 was born in 1551 in \u0160ibenik in the noble family Vran\u010di\u0107, originally old Bosnian nobility. The Family moved to \u0160ibenik in the 14th century and was quickly established in the city, government, but also in the high politics of the Croatian-Hungarian kingdom,mostly due to the strong relations with Statili\u0107 and Berislavi\u0107 families.<\/p><p>Faust spent the first ten years of his life between \u0160ibenik and a mansion on the island of Prvi\u0107, where his family had been spending summer months far from the city noise and heat, and occasionally escaping from the plague that had hit \u0160ibenik several times. Island of Prvi\u0107 left a great mark on the young Faust. He felt nostalgic to his home-country throughout his life and had an aspiration to die on it. But since he got ill in Venice, he died there.<\/p><p>From there, his body was transported by boat, first to the Cathedral of St. James \n\nin \u0160ibenik, whose glory he had spread in the world, respected it as a pearl of his native homeland in his famous Machinae Novae. In his honor, Ivan Tomko Mrnavi\u0107 held a posthumous speech after which Faust\u2019s body was transported on the island of his childhood. By his explicit wish, Faust\u2019s body, together with one copy of each of his books, was buried in the parish church of St. Mary of of Grace in Prvi\u0107 Luka \u201cin the bleak soil among the dead bodies of laborers, so that at least he could happily achieve what he could not for his lifetime\u201d<\/p>\t\t\t\t\t\t\t\t<\/div>\n\t\t\t\t<\/div>\n\t\t\t\t<\/div>\n\t\t\t\t\t<\/div>\n\t\t\t\t<\/div>\n\t\t<div data-particle_enable=\"false\" data-particle-mobile-disabled=\"false\" class=\"elementor-element elementor-element-072fc80 e-flex e-con-boxed e-con e-parent\" data-id=\"072fc80\" data-element_type=\"container\">\n\t\t\t\t\t<div class=\"e-con-inner\">\n\t\t<div data-particle_enable=\"false\" data-particle-mobile-disabled=\"false\" class=\"elementor-element elementor-element-d1f178d e-con-full e-flex e-con e-child\" data-id=\"d1f178d\" data-element_type=\"container\">\n\t\t\t\t<div class=\"elementor-element elementor-element-d48dc9c elementor-widget elementor-widget-text-editor\" data-id=\"d48dc9c\" data-element_type=\"widget\" data-widget_type=\"text-editor.default\">\n\t\t\t\t<div class=\"elementor-widget-container\">\n\t\t\t\t\t\t\t\t\t<p>Somewhere at the age of 10, Faust leaves his hometown where he has gained an initial classical education, and goes to Pressburg (today\u2019s Bratislava) to his uncle Antun, the diplomat and the Bishop of Eger, who in time has come to the position of archbishop and the Emperor\u2019s  Governor of Hungary. At that time, as Mihovil Vran\u010di\u0107 (Faust\u2019s father) wrote to his brother Antun, Faust is a \u201clively-spirited child, possessing a beautiful and truly noble appearance; he is not unreasonable no excessively childish, it seems that he has a significant future ahead of him\u2026\u201d and asks him to take care of him so that \u201che might not absorb these savage customs in his childhood, but instead from an early age acquire a purer teaching and learn languages.\u201d His uncle supports and finances Faust\u2019s further education and enrolls him at the famous University of Padua where Faust studies law and philosophy. As part of the study of philosophy, he studied mathematics and natural science \u2013 the forerunner of modern physics \u2013 which is important for understanding the scientific basis for the creation of his inventions. When he graduated from university, 22 years old Faust goes to his uncle but shortly after his return, Antun Vran\u010di\u0107 dies. After that he stayed for a while in Rome and was admitted to the Croatian brotherhood of St. Jerome. Soon after, he married to Maria Zar \/ Zarensis, with whom he had a daughter Alba Rosa and a son who died very young.<\/p><p>In 1579 he became the military commander of the town of Veszprem and the administrator of the bishopric estates. It is assumed that thanks to this experience he received first incentives and ideas for designing technical projects and solutions. He stayed there for two years to become secretary of the Roman-German Emperor and Croatian-Hungarian King Rudolf II. Habsburg in Prague in 1581. Rudolf II, the patron of art and science, in love with astronomy, astrology, and alchemy, gathered the greatest minds of that time, which had a great impact on Faust\u2019s work. In 1594, a few months after the battle of Sisak, and his personal loss \u2013 the death of his wife, he left the service of Secretary Rudolf II. Having left Prague, he stayed for a while in Italy and Dalmatia when in 1598 Rudolf IIcalled him in service again and named him a Titular Bishop of Csanad a governor of Hungary and Transylvania. Various sources refer to two years as possible years of Faust\u2019s ordination \u2013 1594 and 1600. In 1605 Faust moved to Rome, renounced his bishopric titles and joined Church Order of Barnabites in 1608. The last ten years of his life he is mostly devoted to writing and publishing his works.<\/p>\t\t\t\t\t\t\t\t<\/div>\n\t\t\t\t<\/div>\n\t\t\t\t<\/div>\n\t\t<div data-particle_enable=\"false\" data-particle-mobile-disabled=\"false\" class=\"elementor-element elementor-element-26483d8 e-con-full e-flex e-con e-child\" data-id=\"26483d8\" data-element_type=\"container\" data-settings=\"{&quot;background_background&quot;:&quot;classic&quot;}\">\n\t\t\t\t<\/div>\n\t\t\t\t\t<\/div>\n\t\t\t\t<\/div>\n\t\t<div data-particle_enable=\"false\" data-particle-mobile-disabled=\"false\" class=\"elementor-element elementor-element-4632d1e e-flex e-con-boxed e-con e-parent\" data-id=\"4632d1e\" data-element_type=\"container\">\n\t\t\t\t\t<div class=\"e-con-inner\">\n\t\t<div data-particle_enable=\"false\" data-particle-mobile-disabled=\"false\" class=\"elementor-element elementor-element-b4ce181 e-con-full e-flex e-con e-child\" data-id=\"b4ce181\" data-element_type=\"container\" data-settings=\"{&quot;background_background&quot;:&quot;classic&quot;}\">\n\t\t\t\t<\/div>\n\t\t<div data-particle_enable=\"false\" data-particle-mobile-disabled=\"false\" class=\"elementor-element elementor-element-1d76e24 e-con-full e-flex e-con e-child\" data-id=\"1d76e24\" data-element_type=\"container\">\n\t\t\t\t<div class=\"elementor-element elementor-element-035d07c elementor-widget elementor-widget-text-editor\" data-id=\"035d07c\" data-element_type=\"widget\" data-widget_type=\"text-editor.default\">\n\t\t\t\t<div class=\"elementor-widget-container\">\n\t\t\t\t\t\t\t\t\t<h2>Faust's achievements<\/h2><p>Faust Vran\u010di\u0107 is great Croatian inventor and one of our most versatile humanists \u2013 polyhistor. He contributed accomplishments from many areas. He was a lawyer, philosopher, historian, lexicographer, inventor, hagiographer and theologian. He also carried out very demanding political functions of the Emperor Secretariat, the Bishop and royal governor of Hungary and Transylvania. He was a family man \u2013 husband and father, but also a priest dedicated to contemplation and the development of Christian virtues, making his life path very meaningful and interesting.<\/p><p>His Dictionary of the Five Most Noble European languages \u2013 Latin, Italian, German, Dalmatian and Hungarian \u2013 is the first Croatian and the first Hungarian dictionary in history. It was published in Venice in 1595 and it is considered as the foundation of Croatian lexicography.<\/p><p>In his collection of inventions Machinae Novae or New Machines, Faust describes 56 different devices and technical constructions in 49 large formats of chalcography. In addition to its most famous invention \u2013 parachute, two groups of projects \u2013 bridges and mills \u2013 occupy a prominent place.<\/p><p class=\"translation-block\">Three of Faust\u2019s bridges are of great importance because they appear for the first time in technical literature: Bronze bridge- the first idea of a metal bridge in the history of technology, a Bridge with one rope \u2013 the forerunner of modern cable car and the Iron bridge \u2013 the first idea of chain suspension bridge in history. Faust describes 18 types of mills as well. They are driven by wind, water mass, sea currents, human or animal propulsion. Faust introduces innovations into the existing idea of a mill: vertical shaft, movable wings, the forerunner of the turbine. Other inventions are also very useful in everyday life: saws, presses, water pumps, clocks, and it is interesting that Faust is also inventor of the first shock absorber in the history of technology.<\/p>\t\t\t\t\t\t\t\t<\/div>\n\t\t\t\t<\/div>\n\t\t\t\t<\/div>\n\t\t\t\t\t<\/div>\n\t\t\t\t<\/div>\n\t\t<div data-particle_enable=\"false\" data-particle-mobile-disabled=\"false\" class=\"elementor-element elementor-element-16de866 e-flex e-con-boxed e-con e-parent\" data-id=\"16de866\" data-element_type=\"container\">\n\t\t\t\t\t<div class=\"e-con-inner\">\n\t\t<div data-particle_enable=\"false\" data-particle-mobile-disabled=\"false\" class=\"elementor-element elementor-element-7551f34 e-flex e-con-boxed e-con e-child\" data-id=\"7551f34\" data-element_type=\"container\">\n\t\t\t\t\t<div class=\"e-con-inner\">\n\t\t\t\t<div class=\"elementor-element elementor-element-f8311d1 elementor-widget elementor-widget-text-editor\" data-id=\"f8311d1\" data-element_type=\"widget\" data-widget_type=\"text-editor.default\">\n\t\t\t\t<div class=\"elementor-widget-container\">\n\t\t\t\t\t\t\t\t\t<p>For some of his inventions, Faust had patent privileges received from a Venetian Doge. That suggest that he exploited his inventions in Dalmatia, most probably on one of the family estates, and that he was selling licenses for patents to others. All of the above makes him a successful entrepreneur as well.<\/p><p>He is the author of historiographical and political discussions, a part of the field of philosophical disciplines \u2013 Logica Nova and Ethica Christiana. He also wrote one book in his mother tongue \u2013 \u017divot nikoliko izabranih divic \u2013 a collection of biographies of 12 early Christian martyrs devoted to nuns noblewomen of the Benedictine convent of Holy Salvation in \u0160ibenik. His IllyricaHistoria is still in the manuscript and unpublished at National and University Library in Zagreb.<\/p>\t\t\t\t\t\t\t\t<\/div>\n\t\t\t\t<\/div>\n\t\t\t\t\t<\/div>\n\t\t\t\t<\/div>\n\t\t\t\t\t<\/div>\n\t\t\t\t<\/div>\n\t\t\t\t<\/div>","protected":false},"excerpt":{"rendered":"<p>Faust Vran\u010di\u0107 1551. (\u0160ibenik) &#8211; 1617. (Venecija) Faustov \u017eivot Faust Vran\u010di\u0107 ro\u0111en je 1551. godine u \u0160ibeniku, u plemi\u0107koj obitelji Vran\u010di\u0107 koja je izvorno pripadala starom bosanskom plemstvu. U \u0160ibenik se doselila u 14. st. gdje se vrlo brzo etablirala u gradskoj vlasti, ali i u visokoj politici Hrvatsko-ugarskog kraljevstva, najvi\u0161e zahvaljuju\u0107i rodbinskoj povezanosti sa [&hellip;]<\/p>","protected":false},"author":1,"featured_media":0,"parent":0,"menu_order":0,"comment_status":"closed","ping_status":"closed","template":"","meta":{"_acf_changed":false,"footnotes":""},"class_list":["post-1909","page","type-page","status-publish","hentry"],"acf":[],"yoast_head":"<!-- This site is optimized with the Yoast SEO plugin v26.8 - https:\/\/yoast.com\/product\/yoast-seo-wordpress\/ -->\n<title>O Faustu - Memorijalni centar Faust Vran\u010di\u0107<\/title>\n<meta name=\"robots\" content=\"index, follow, max-snippet:-1, max-image-preview:large, max-video-preview:-1\" \/>\n<link rel=\"canonical\" href=\"https:\/\/mc-faustvrancic.com\/en\/o-faustu\/\" \/>\n<meta property=\"og:locale\" content=\"en_GB\" \/>\n<meta property=\"og:type\" content=\"article\" \/>\n<meta property=\"og:title\" content=\"O Faustu - Memorijalni centar Faust Vran\u010di\u0107\" \/>\n<meta property=\"og:description\" content=\"Faust Vran\u010di\u0107 1551. (\u0160ibenik) &#8211; 1617. (Venecija) Faustov \u017eivot Faust Vran\u010di\u0107 ro\u0111en je 1551. godine u \u0160ibeniku, u plemi\u0107koj obitelji Vran\u010di\u0107 koja je izvorno pripadala starom bosanskom plemstvu. U \u0160ibenik se doselila u 14. st. gdje se vrlo brzo etablirala u gradskoj vlasti, ali i u visokoj politici Hrvatsko-ugarskog kraljevstva, najvi\u0161e zahvaljuju\u0107i rodbinskoj povezanosti sa [&hellip;]\" \/>\n<meta property=\"og:url\" content=\"https:\/\/mc-faustvrancic.com\/en\/o-faustu\/\" \/>\n<meta property=\"og:site_name\" content=\"Memorijalni centar Faust Vran\u010di\u0107\" \/>\n<meta property=\"article:publisher\" content=\"https:\/\/web.facebook.com\/mcfaustvrancic\/\" \/>\n<meta property=\"article:modified_time\" content=\"2024-12-04T10:08:10+00:00\" \/>\n<meta property=\"og:image\" content=\"https:\/\/mc-faustvrancic.com\/wp-content\/uploads\/2024\/05\/Memorijalni-centar-Faust-Vranicic-10.jpg\" \/>\n\t<meta property=\"og:image:width\" content=\"1000\" \/>\n\t<meta property=\"og:image:height\" content=\"668\" \/>\n\t<meta property=\"og:image:type\" content=\"image\/jpeg\" \/>\n<meta name=\"twitter:card\" content=\"summary_large_image\" \/>\n<meta name=\"twitter:label1\" content=\"Estimated reading time\" \/>\n\t<meta name=\"twitter:data1\" content=\"6 minutes\" \/>\n<script type=\"application\/ld+json\" class=\"yoast-schema-graph\">{\"@context\":\"https:\/\/schema.org\",\"@graph\":[{\"@type\":\"WebPage\",\"@id\":\"https:\/\/mc-faustvrancic.com\/o-faustu\/\",\"url\":\"https:\/\/mc-faustvrancic.com\/o-faustu\/\",\"name\":\"O Faustu - Memorijalni centar Faust Vran\u010di\u0107\",\"isPartOf\":{\"@id\":\"https:\/\/mc-faustvrancic.com\/#website\"},\"datePublished\":\"2024-05-23T11:10:34+00:00\",\"dateModified\":\"2024-12-04T10:08:10+00:00\",\"breadcrumb\":{\"@id\":\"https:\/\/mc-faustvrancic.com\/o-faustu\/#breadcrumb\"},\"inLanguage\":\"en-GB\",\"potentialAction\":[{\"@type\":\"ReadAction\",\"target\":[\"https:\/\/mc-faustvrancic.com\/o-faustu\/\"]}]},{\"@type\":\"BreadcrumbList\",\"@id\":\"https:\/\/mc-faustvrancic.com\/o-faustu\/#breadcrumb\",\"itemListElement\":[{\"@type\":\"ListItem\",\"position\":1,\"name\":\"Po\u010detna stranica\",\"item\":\"https:\/\/mc-faustvrancic.com\/\"},{\"@type\":\"ListItem\",\"position\":2,\"name\":\"O Faustu\"}]},{\"@type\":\"WebSite\",\"@id\":\"https:\/\/mc-faustvrancic.com\/#website\",\"url\":\"https:\/\/mc-faustvrancic.com\/\",\"name\":\"Memorijalni centar Faust Vran\u010di\u0107\",\"description\":\"\",\"publisher\":{\"@id\":\"https:\/\/mc-faustvrancic.com\/#organization\"},\"alternateName\":\"MC Faust Vran\u010di\u0107\",\"potentialAction\":[{\"@type\":\"SearchAction\",\"target\":{\"@type\":\"EntryPoint\",\"urlTemplate\":\"https:\/\/mc-faustvrancic.com\/?s={search_term_string}\"},\"query-input\":{\"@type\":\"PropertyValueSpecification\",\"valueRequired\":true,\"valueName\":\"search_term_string\"}}],\"inLanguage\":\"en-GB\"},{\"@type\":\"Organization\",\"@id\":\"https:\/\/mc-faustvrancic.com\/#organization\",\"name\":\"Memorijalni centar Faust Vran\u010di\u0107\",\"alternateName\":\"MC Faust Vran\u010di\u0107\",\"url\":\"https:\/\/mc-faustvrancic.com\/\",\"logo\":{\"@type\":\"ImageObject\",\"inLanguage\":\"en-GB\",\"@id\":\"https:\/\/mc-faustvrancic.com\/#\/schema\/logo\/image\/\",\"url\":\"https:\/\/mc-faustvrancic.com\/wp-content\/uploads\/2024\/04\/logo-crni.png\",\"contentUrl\":\"https:\/\/mc-faustvrancic.com\/wp-content\/uploads\/2024\/04\/logo-crni.png\",\"width\":265,\"height\":105,\"caption\":\"Memorijalni centar Faust Vran\u010di\u0107\"},\"image\":{\"@id\":\"https:\/\/mc-faustvrancic.com\/#\/schema\/logo\/image\/\"},\"sameAs\":[\"https:\/\/web.facebook.com\/mcfaustvrancic\/\",\"https:\/\/www.instagram.com\/mc_faustvrancic\/?hl=en&fbclid=IwAR3-lbIw4tS0ZANoVqEKrrp9z8DwHtc19D8cB-ZTRDNj_jnack8SHd6OaEA\",\"https:\/\/www.youtube.com\/channel\/UCcG32Ni5Grugo6ZdoE4mXkQ\"]}]}<\/script>\n<!-- \/ Yoast SEO plugin. -->","yoast_head_json":{"title":"O Faustu - Memorijalni centar Faust Vran\u010di\u0107","robots":{"index":"index","follow":"follow","max-snippet":"max-snippet:-1","max-image-preview":"max-image-preview:large","max-video-preview":"max-video-preview:-1"},"canonical":"https:\/\/mc-faustvrancic.com\/en\/o-faustu\/","og_locale":"en_GB","og_type":"article","og_title":"O Faustu - Memorijalni centar Faust Vran\u010di\u0107","og_description":"Faust Vran\u010di\u0107 1551. (\u0160ibenik) &#8211; 1617. (Venecija) Faustov \u017eivot Faust Vran\u010di\u0107 ro\u0111en je 1551. godine u \u0160ibeniku, u plemi\u0107koj obitelji Vran\u010di\u0107 koja je izvorno pripadala starom bosanskom plemstvu. U \u0160ibenik se doselila u 14. st. gdje se vrlo brzo etablirala u gradskoj vlasti, ali i u visokoj politici Hrvatsko-ugarskog kraljevstva, najvi\u0161e zahvaljuju\u0107i rodbinskoj povezanosti sa [&hellip;]","og_url":"https:\/\/mc-faustvrancic.com\/en\/o-faustu\/","og_site_name":"Memorijalni centar Faust Vran\u010di\u0107","article_publisher":"https:\/\/web.facebook.com\/mcfaustvrancic\/","article_modified_time":"2024-12-04T10:08:10+00:00","og_image":[{"width":1000,"height":668,"url":"https:\/\/mc-faustvrancic.com\/wp-content\/uploads\/2024\/05\/Memorijalni-centar-Faust-Vranicic-10.jpg","type":"image\/jpeg"}],"twitter_card":"summary_large_image","twitter_misc":{"Estimated reading time":"6 minutes"},"schema":{"@context":"https:\/\/schema.org","@graph":[{"@type":"WebPage","@id":"https:\/\/mc-faustvrancic.com\/o-faustu\/","url":"https:\/\/mc-faustvrancic.com\/o-faustu\/","name":"O Faustu - Memorijalni centar Faust Vran\u010di\u0107","isPartOf":{"@id":"https:\/\/mc-faustvrancic.com\/#website"},"datePublished":"2024-05-23T11:10:34+00:00","dateModified":"2024-12-04T10:08:10+00:00","breadcrumb":{"@id":"https:\/\/mc-faustvrancic.com\/o-faustu\/#breadcrumb"},"inLanguage":"en-GB","potentialAction":[{"@type":"ReadAction","target":["https:\/\/mc-faustvrancic.com\/o-faustu\/"]}]},{"@type":"BreadcrumbList","@id":"https:\/\/mc-faustvrancic.com\/o-faustu\/#breadcrumb","itemListElement":[{"@type":"ListItem","position":1,"name":"Po\u010detna stranica","item":"https:\/\/mc-faustvrancic.com\/"},{"@type":"ListItem","position":2,"name":"O Faustu"}]},{"@type":"WebSite","@id":"https:\/\/mc-faustvrancic.com\/#website","url":"https:\/\/mc-faustvrancic.com\/","name":"Memorijalni centar Faust Vran\u010di\u0107","description":"","publisher":{"@id":"https:\/\/mc-faustvrancic.com\/#organization"},"alternateName":"MC Faust Vran\u010di\u0107","potentialAction":[{"@type":"SearchAction","target":{"@type":"EntryPoint","urlTemplate":"https:\/\/mc-faustvrancic.com\/?s={search_term_string}"},"query-input":{"@type":"PropertyValueSpecification","valueRequired":true,"valueName":"search_term_string"}}],"inLanguage":"en-GB"},{"@type":"Organization","@id":"https:\/\/mc-faustvrancic.com\/#organization","name":"Memorijalni centar Faust Vran\u010di\u0107","alternateName":"MC Faust Vran\u010di\u0107","url":"https:\/\/mc-faustvrancic.com\/","logo":{"@type":"ImageObject","inLanguage":"en-GB","@id":"https:\/\/mc-faustvrancic.com\/#\/schema\/logo\/image\/","url":"https:\/\/mc-faustvrancic.com\/wp-content\/uploads\/2024\/04\/logo-crni.png","contentUrl":"https:\/\/mc-faustvrancic.com\/wp-content\/uploads\/2024\/04\/logo-crni.png","width":265,"height":105,"caption":"Memorijalni centar Faust Vran\u010di\u0107"},"image":{"@id":"https:\/\/mc-faustvrancic.com\/#\/schema\/logo\/image\/"},"sameAs":["https:\/\/web.facebook.com\/mcfaustvrancic\/","https:\/\/www.instagram.com\/mc_faustvrancic\/?hl=en&fbclid=IwAR3-lbIw4tS0ZANoVqEKrrp9z8DwHtc19D8cB-ZTRDNj_jnack8SHd6OaEA","https:\/\/www.youtube.com\/channel\/UCcG32Ni5Grugo6ZdoE4mXkQ"]}]}},"_links":{"self":[{"href":"https:\/\/mc-faustvrancic.com\/en\/wp-json\/wp\/v2\/pages\/1909","targetHints":{"allow":["GET"]}}],"collection":[{"href":"https:\/\/mc-faustvrancic.com\/en\/wp-json\/wp\/v2\/pages"}],"about":[{"href":"https:\/\/mc-faustvrancic.com\/en\/wp-json\/wp\/v2\/types\/page"}],"author":[{"embeddable":true,"href":"https:\/\/mc-faustvrancic.com\/en\/wp-json\/wp\/v2\/users\/1"}],"replies":[{"embeddable":true,"href":"https:\/\/mc-faustvrancic.com\/en\/wp-json\/wp\/v2\/comments?post=1909"}],"version-history":[{"count":4,"href":"https:\/\/mc-faustvrancic.com\/en\/wp-json\/wp\/v2\/pages\/1909\/revisions"}],"predecessor-version":[{"id":3394,"href":"https:\/\/mc-faustvrancic.com\/en\/wp-json\/wp\/v2\/pages\/1909\/revisions\/3394"}],"wp:attachment":[{"href":"https:\/\/mc-faustvrancic.com\/en\/wp-json\/wp\/v2\/media?parent=1909"}],"curies":[{"name":"wp","href":"https:\/\/api.w.org\/{rel}","templated":true}]}}