{"id":1209,"date":"2024-05-02T20:41:57","date_gmt":"2024-05-02T18:41:57","guid":{"rendered":"https:\/\/mc-faustvrancic.com\/?page_id=1209"},"modified":"2024-12-05T11:44:13","modified_gmt":"2024-12-05T10:44:13","slug":"cjena-ulaznica","status":"publish","type":"page","link":"https:\/\/mc-faustvrancic.com\/en\/posjet\/cjena-ulaznica\/","title":{"rendered":"Ticket prices"},"content":{"rendered":"<div data-elementor-type=\"wp-page\" data-elementor-id=\"1209\" class=\"elementor elementor-1209\" data-elementor-post-type=\"page\">\n\t\t\t\t<div data-particle_enable=\"false\" data-particle-mobile-disabled=\"false\" class=\"elementor-element elementor-element-2e0ab40 e-con-full e-flex e-con e-parent\" data-id=\"2e0ab40\" data-element_type=\"container\" data-settings=\"{&quot;background_background&quot;:&quot;classic&quot;}\">\n\t\t\t\t<\/div>\n\t\t<div data-particle_enable=\"false\" data-particle-mobile-disabled=\"false\" class=\"elementor-element elementor-element-3f05251 e-flex e-con-boxed e-con e-parent\" data-id=\"3f05251\" data-element_type=\"container\">\n\t\t\t\t\t<div class=\"e-con-inner\">\n\t\t\t\t<div class=\"elementor-element elementor-element-01be3d2 elementor-widget elementor-widget-heading\" data-id=\"01be3d2\" data-element_type=\"widget\" data-widget_type=\"heading.default\">\n\t\t\t\t<div class=\"elementor-widget-container\">\n\t\t\t\t\t<h2 class=\"elementor-heading-title elementor-size-default\">Tickets<\/h2>\t\t\t\t<\/div>\n\t\t\t\t<\/div>\n\t\t\t\t<div class=\"elementor-element elementor-element-ca08f67 elementor-widget-divider--view-line elementor-widget elementor-widget-divider\" data-id=\"ca08f67\" data-element_type=\"widget\" data-widget_type=\"divider.default\">\n\t\t\t\t<div class=\"elementor-widget-container\">\n\t\t\t\t\t\t\t<div class=\"elementor-divider\">\n\t\t\t<span class=\"elementor-divider-separator\">\n\t\t\t\t\t\t<\/span>\n\t\t<\/div>\n\t\t\t\t\t\t<\/div>\n\t\t\t\t<\/div>\n\t\t\t\t\t<\/div>\n\t\t\t\t<\/div>\n\t\t<div data-particle_enable=\"false\" data-particle-mobile-disabled=\"false\" class=\"elementor-element elementor-element-6f5758e e-flex e-con-boxed e-con e-parent\" data-id=\"6f5758e\" data-element_type=\"container\">\n\t\t\t\t\t<div class=\"e-con-inner\">\n\t\t\t\t<div class=\"elementor-element elementor-element-9f335d9 elementor-widget elementor-widget-shortcode\" data-id=\"9f335d9\" data-element_type=\"widget\" data-widget_type=\"shortcode.default\">\n\t\t\t\t<div class=\"elementor-widget-container\">\n\t\t\t\t\t\t\t<div class=\"elementor-shortcode\"><div class=\"elementor-price-list\"><div class=\"elementor-price-list-item\"><div class=\"elementor-price-list-title\">Adults<\/div><div class=\"elementor-price-list-dots\"><\/div><div class=\"elementor-price-list-price\">6,00 EUR<\/div><\/div><div class=\"elementor-price-list-item\"><div class=\"elementor-price-list-title\">Pupils and students<\/div><div class=\"elementor-price-list-dots\"><\/div><div class=\"elementor-price-list-price\">4,00 EUR<\/div><\/div><div class=\"elementor-price-list-item\"><div class=\"elementor-price-list-title\">Seniors<\/div><div class=\"elementor-price-list-dots\"><\/div><div class=\"elementor-price-list-price\">4,00 EUR<\/div><\/div><div class=\"elementor-price-list-item\"><div class=\"elementor-price-list-title\">Obiteljska ulaznica (roditelji i sva djeca bez obzira na dob)<\/div><div class=\"elementor-price-list-dots\"><\/div><div class=\"elementor-price-list-price\">12,00 EUR<\/div><\/div><div class=\"elementor-price-list-item\"><div class=\"elementor-price-list-title\">Children up to 7 years old, persons with disabilities, members of museum associations (HMD, ICOM), guides and group escorts<\/div><div class=\"elementor-price-list-dots\"><\/div><div class=\"elementor-price-list-price\">Free Entrance<\/div><\/div><div class=\"elementor-price-list-item\"><div class=\"elementor-price-list-title\">Groups (min 20 persons)<\/div><div class=\"elementor-price-list-dots\"><\/div><div class=\"elementor-price-list-price\">10% Discount<\/div><\/div><\/div><\/div>\n\t\t\t\t\t\t<\/div>\n\t\t\t\t<\/div>\n\t\t\t\t\t<\/div>\n\t\t\t\t<\/div>\n\t\t<div data-particle_enable=\"false\" data-particle-mobile-disabled=\"false\" class=\"elementor-element elementor-element-f984a3b e-flex e-con-boxed e-con e-parent\" data-id=\"f984a3b\" data-element_type=\"container\">\n\t\t\t\t\t<div class=\"e-con-inner\">\n\t\t\t\t<div class=\"elementor-element elementor-element-9bcb0bb elementor-widget elementor-widget-text-editor\" data-id=\"9bcb0bb\" data-element_type=\"widget\" data-widget_type=\"text-editor.default\">\n\t\t\t\t<div class=\"elementor-widget-container\">\n\t\t\t\t\t\t\t\t\t<p>Cjenik je va\u017ee\u0107i od 01. sije\u010dnja 2025. godine.<\/p><p>Grupe je potrebno unaprijed najaviti i rezervirati termin posjeta.<\/p><p>Uvodno predavanje uklju\u010deno je u cijenu ulaznice za najavljene grupe.<\/p><p>The center is accessible for persons with disabilities (ramp for exterior part, toilet). It is neccessary to be announced in advance in order to use the ramp.<\/p>\t\t\t\t\t\t\t\t<\/div>\n\t\t\t\t<\/div>\n\t\t\t\t\t<\/div>\n\t\t\t\t<\/div>\n\t\t\t\t<\/div>","protected":false},"excerpt":{"rendered":"<p>Ulaznice Cjenik je va\u017ee\u0107i od 01. sije\u010dnja 2025. godine. Grupe je potrebno unaprijed najaviti i rezervirati termin posjeta. Uvodno predavanje uklju\u010deno je u cijenu ulaznice za najavljene grupe. Centar ima omogu\u0107en pristup osobama s invaliditetom (rampa za stepenice za vanjski dio, WC). Za kori\u0161tenje rampe potrebna je prethodna najava kako bismo osigurali pratnju.<\/p>","protected":false},"author":1,"featured_media":0,"parent":72,"menu_order":0,"comment_status":"closed","ping_status":"closed","template":"","meta":{"_acf_changed":false,"footnotes":""},"class_list":["post-1209","page","type-page","status-publish","hentry"],"acf":[],"yoast_head":"<!-- This site is optimized with the Yoast SEO plugin v26.8 - https:\/\/yoast.com\/product\/yoast-seo-wordpress\/ -->\n<title>Cijena ulaznica - Memorijalni centar Faust Vran\u010di\u0107<\/title>\n<meta name=\"robots\" content=\"index, follow, max-snippet:-1, max-image-preview:large, max-video-preview:-1\" \/>\n<link rel=\"canonical\" href=\"https:\/\/mc-faustvrancic.com\/en\/posjet\/cjena-ulaznica\/\" \/>\n<meta property=\"og:locale\" content=\"en_GB\" \/>\n<meta property=\"og:type\" content=\"article\" \/>\n<meta property=\"og:title\" content=\"Cijena ulaznica - Memorijalni centar Faust Vran\u010di\u0107\" \/>\n<meta property=\"og:description\" content=\"Ulaznice Cjenik je va\u017ee\u0107i od 01. sije\u010dnja 2025. godine. Grupe je potrebno unaprijed najaviti i rezervirati termin posjeta. Uvodno predavanje uklju\u010deno je u cijenu ulaznice za najavljene grupe. Centar ima omogu\u0107en pristup osobama s invaliditetom (rampa za stepenice za vanjski dio, WC). Za kori\u0161tenje rampe potrebna je prethodna najava kako bismo osigurali pratnju.\" \/>\n<meta property=\"og:url\" content=\"https:\/\/mc-faustvrancic.com\/en\/posjet\/cjena-ulaznica\/\" \/>\n<meta property=\"og:site_name\" content=\"Memorijalni centar Faust Vran\u010di\u0107\" \/>\n<meta property=\"article:publisher\" content=\"https:\/\/web.facebook.com\/mcfaustvrancic\/\" \/>\n<meta property=\"article:modified_time\" content=\"2024-12-05T10:44:13+00:00\" \/>\n<meta property=\"og:image\" content=\"https:\/\/mc-faustvrancic.com\/wp-content\/uploads\/2024\/05\/Memorijalni-centar-Faust-Vranicic-10.jpg\" \/>\n\t<meta property=\"og:image:width\" content=\"1000\" \/>\n\t<meta property=\"og:image:height\" content=\"668\" \/>\n\t<meta property=\"og:image:type\" content=\"image\/jpeg\" \/>\n<meta name=\"twitter:card\" content=\"summary_large_image\" \/>\n<meta name=\"twitter:label1\" content=\"Estimated reading time\" \/>\n\t<meta name=\"twitter:data1\" content=\"1 minute\" \/>\n<script type=\"application\/ld+json\" class=\"yoast-schema-graph\">{\"@context\":\"https:\/\/schema.org\",\"@graph\":[{\"@type\":\"WebPage\",\"@id\":\"https:\/\/mc-faustvrancic.com\/posjet\/cjena-ulaznica\/\",\"url\":\"https:\/\/mc-faustvrancic.com\/posjet\/cjena-ulaznica\/\",\"name\":\"Cijena ulaznica - Memorijalni centar Faust Vran\u010di\u0107\",\"isPartOf\":{\"@id\":\"https:\/\/mc-faustvrancic.com\/#website\"},\"datePublished\":\"2024-05-02T18:41:57+00:00\",\"dateModified\":\"2024-12-05T10:44:13+00:00\",\"breadcrumb\":{\"@id\":\"https:\/\/mc-faustvrancic.com\/posjet\/cjena-ulaznica\/#breadcrumb\"},\"inLanguage\":\"en-GB\",\"potentialAction\":[{\"@type\":\"ReadAction\",\"target\":[\"https:\/\/mc-faustvrancic.com\/posjet\/cjena-ulaznica\/\"]}]},{\"@type\":\"BreadcrumbList\",\"@id\":\"https:\/\/mc-faustvrancic.com\/posjet\/cjena-ulaznica\/#breadcrumb\",\"itemListElement\":[{\"@type\":\"ListItem\",\"position\":1,\"name\":\"Po\u010detna stranica\",\"item\":\"https:\/\/mc-faustvrancic.com\/\"},{\"@type\":\"ListItem\",\"position\":2,\"name\":\"Posjet\",\"item\":\"https:\/\/mc-faustvrancic.com\/posjet\/\"},{\"@type\":\"ListItem\",\"position\":3,\"name\":\"Cijena ulaznica\"}]},{\"@type\":\"WebSite\",\"@id\":\"https:\/\/mc-faustvrancic.com\/#website\",\"url\":\"https:\/\/mc-faustvrancic.com\/\",\"name\":\"Memorijalni centar Faust Vran\u010di\u0107\",\"description\":\"\",\"publisher\":{\"@id\":\"https:\/\/mc-faustvrancic.com\/#organization\"},\"alternateName\":\"MC Faust Vran\u010di\u0107\",\"potentialAction\":[{\"@type\":\"SearchAction\",\"target\":{\"@type\":\"EntryPoint\",\"urlTemplate\":\"https:\/\/mc-faustvrancic.com\/?s={search_term_string}\"},\"query-input\":{\"@type\":\"PropertyValueSpecification\",\"valueRequired\":true,\"valueName\":\"search_term_string\"}}],\"inLanguage\":\"en-GB\"},{\"@type\":\"Organization\",\"@id\":\"https:\/\/mc-faustvrancic.com\/#organization\",\"name\":\"Memorijalni centar Faust Vran\u010di\u0107\",\"alternateName\":\"MC Faust Vran\u010di\u0107\",\"url\":\"https:\/\/mc-faustvrancic.com\/\",\"logo\":{\"@type\":\"ImageObject\",\"inLanguage\":\"en-GB\",\"@id\":\"https:\/\/mc-faustvrancic.com\/#\/schema\/logo\/image\/\",\"url\":\"https:\/\/mc-faustvrancic.com\/wp-content\/uploads\/2024\/04\/logo-crni.png\",\"contentUrl\":\"https:\/\/mc-faustvrancic.com\/wp-content\/uploads\/2024\/04\/logo-crni.png\",\"width\":265,\"height\":105,\"caption\":\"Memorijalni centar Faust Vran\u010di\u0107\"},\"image\":{\"@id\":\"https:\/\/mc-faustvrancic.com\/#\/schema\/logo\/image\/\"},\"sameAs\":[\"https:\/\/web.facebook.com\/mcfaustvrancic\/\",\"https:\/\/www.instagram.com\/mc_faustvrancic\/?hl=en&fbclid=IwAR3-lbIw4tS0ZANoVqEKrrp9z8DwHtc19D8cB-ZTRDNj_jnack8SHd6OaEA\",\"https:\/\/www.youtube.com\/channel\/UCcG32Ni5Grugo6ZdoE4mXkQ\"]}]}<\/script>\n<!-- \/ Yoast SEO plugin. -->","yoast_head_json":{"title":"Cijena ulaznica - Memorijalni centar Faust Vran\u010di\u0107","robots":{"index":"index","follow":"follow","max-snippet":"max-snippet:-1","max-image-preview":"max-image-preview:large","max-video-preview":"max-video-preview:-1"},"canonical":"https:\/\/mc-faustvrancic.com\/en\/posjet\/cjena-ulaznica\/","og_locale":"en_GB","og_type":"article","og_title":"Cijena ulaznica - Memorijalni centar Faust Vran\u010di\u0107","og_description":"Ulaznice Cjenik je va\u017ee\u0107i od 01. sije\u010dnja 2025. godine. Grupe je potrebno unaprijed najaviti i rezervirati termin posjeta. Uvodno predavanje uklju\u010deno je u cijenu ulaznice za najavljene grupe. Centar ima omogu\u0107en pristup osobama s invaliditetom (rampa za stepenice za vanjski dio, WC). Za kori\u0161tenje rampe potrebna je prethodna najava kako bismo osigurali pratnju.","og_url":"https:\/\/mc-faustvrancic.com\/en\/posjet\/cjena-ulaznica\/","og_site_name":"Memorijalni centar Faust Vran\u010di\u0107","article_publisher":"https:\/\/web.facebook.com\/mcfaustvrancic\/","article_modified_time":"2024-12-05T10:44:13+00:00","og_image":[{"width":1000,"height":668,"url":"https:\/\/mc-faustvrancic.com\/wp-content\/uploads\/2024\/05\/Memorijalni-centar-Faust-Vranicic-10.jpg","type":"image\/jpeg"}],"twitter_card":"summary_large_image","twitter_misc":{"Estimated reading time":"1 minute"},"schema":{"@context":"https:\/\/schema.org","@graph":[{"@type":"WebPage","@id":"https:\/\/mc-faustvrancic.com\/posjet\/cjena-ulaznica\/","url":"https:\/\/mc-faustvrancic.com\/posjet\/cjena-ulaznica\/","name":"Cijena ulaznica - Memorijalni centar Faust Vran\u010di\u0107","isPartOf":{"@id":"https:\/\/mc-faustvrancic.com\/#website"},"datePublished":"2024-05-02T18:41:57+00:00","dateModified":"2024-12-05T10:44:13+00:00","breadcrumb":{"@id":"https:\/\/mc-faustvrancic.com\/posjet\/cjena-ulaznica\/#breadcrumb"},"inLanguage":"en-GB","potentialAction":[{"@type":"ReadAction","target":["https:\/\/mc-faustvrancic.com\/posjet\/cjena-ulaznica\/"]}]},{"@type":"BreadcrumbList","@id":"https:\/\/mc-faustvrancic.com\/posjet\/cjena-ulaznica\/#breadcrumb","itemListElement":[{"@type":"ListItem","position":1,"name":"Po\u010detna stranica","item":"https:\/\/mc-faustvrancic.com\/"},{"@type":"ListItem","position":2,"name":"Posjet","item":"https:\/\/mc-faustvrancic.com\/posjet\/"},{"@type":"ListItem","position":3,"name":"Cijena ulaznica"}]},{"@type":"WebSite","@id":"https:\/\/mc-faustvrancic.com\/#website","url":"https:\/\/mc-faustvrancic.com\/","name":"Memorijalni centar Faust Vran\u010di\u0107","description":"","publisher":{"@id":"https:\/\/mc-faustvrancic.com\/#organization"},"alternateName":"MC Faust Vran\u010di\u0107","potentialAction":[{"@type":"SearchAction","target":{"@type":"EntryPoint","urlTemplate":"https:\/\/mc-faustvrancic.com\/?s={search_term_string}"},"query-input":{"@type":"PropertyValueSpecification","valueRequired":true,"valueName":"search_term_string"}}],"inLanguage":"en-GB"},{"@type":"Organization","@id":"https:\/\/mc-faustvrancic.com\/#organization","name":"Memorijalni centar Faust Vran\u010di\u0107","alternateName":"MC Faust Vran\u010di\u0107","url":"https:\/\/mc-faustvrancic.com\/","logo":{"@type":"ImageObject","inLanguage":"en-GB","@id":"https:\/\/mc-faustvrancic.com\/#\/schema\/logo\/image\/","url":"https:\/\/mc-faustvrancic.com\/wp-content\/uploads\/2024\/04\/logo-crni.png","contentUrl":"https:\/\/mc-faustvrancic.com\/wp-content\/uploads\/2024\/04\/logo-crni.png","width":265,"height":105,"caption":"Memorijalni centar Faust Vran\u010di\u0107"},"image":{"@id":"https:\/\/mc-faustvrancic.com\/#\/schema\/logo\/image\/"},"sameAs":["https:\/\/web.facebook.com\/mcfaustvrancic\/","https:\/\/www.instagram.com\/mc_faustvrancic\/?hl=en&fbclid=IwAR3-lbIw4tS0ZANoVqEKrrp9z8DwHtc19D8cB-ZTRDNj_jnack8SHd6OaEA","https:\/\/www.youtube.com\/channel\/UCcG32Ni5Grugo6ZdoE4mXkQ"]}]}},"_links":{"self":[{"href":"https:\/\/mc-faustvrancic.com\/en\/wp-json\/wp\/v2\/pages\/1209","targetHints":{"allow":["GET"]}}],"collection":[{"href":"https:\/\/mc-faustvrancic.com\/en\/wp-json\/wp\/v2\/pages"}],"about":[{"href":"https:\/\/mc-faustvrancic.com\/en\/wp-json\/wp\/v2\/types\/page"}],"author":[{"embeddable":true,"href":"https:\/\/mc-faustvrancic.com\/en\/wp-json\/wp\/v2\/users\/1"}],"replies":[{"embeddable":true,"href":"https:\/\/mc-faustvrancic.com\/en\/wp-json\/wp\/v2\/comments?post=1209"}],"version-history":[{"count":6,"href":"https:\/\/mc-faustvrancic.com\/en\/wp-json\/wp\/v2\/pages\/1209\/revisions"}],"predecessor-version":[{"id":3407,"href":"https:\/\/mc-faustvrancic.com\/en\/wp-json\/wp\/v2\/pages\/1209\/revisions\/3407"}],"up":[{"embeddable":true,"href":"https:\/\/mc-faustvrancic.com\/en\/wp-json\/wp\/v2\/pages\/72"}],"wp:attachment":[{"href":"https:\/\/mc-faustvrancic.com\/en\/wp-json\/wp\/v2\/media?parent=1209"}],"curies":[{"name":"wp","href":"https:\/\/api.w.org\/{rel}","templated":true}]}}